{"id":1794,"date":"2025-10-21T18:29:29","date_gmt":"2025-10-21T18:29:29","guid":{"rendered":"https:\/\/planetem.xyz\/?page_id=1794"},"modified":"2025-12-29T10:12:39","modified_gmt":"2025-12-29T15:12:39","slug":"acquisition-de-mega-sat","status":"publish","type":"page","link":"https:\/\/planetem.xyz\/en\/acquisition-de-mega-sat\/","title":{"rendered":"Acquisition de M\u00e9ga-Sat"},"content":{"rendered":"<p>[et_pb_section fb_built=\u00a0\u00bb1&Prime; _builder_version=\u00a0\u00bb4.27.4&Prime; _module_preset=\u00a0\u00bbdefault\u00a0\u00bb use_background_color_gradient=\u00a0\u00bbon\u00a0\u00bb background_color_gradient_direction=\u00a0\u00bb90deg\u00a0\u00bb background_color_gradient_stops=\u00a0\u00bb#dc291e 0%|#73203e 100%\u00a0\u00bb global_colors_info=\u00a0\u00bb{}\u00a0\u00bb][et_pb_row column_structure=\u00a0\u00bb1_2,1_2&Prime; _builder_version=\u00a0\u00bb4.27.4&Prime; _module_preset=\u00a0\u00bbdefault\u00a0\u00bb width=\u00a0\u00bb100%\u00a0\u00bb max_width=\u00a0\u00bb1482px\u00a0\u00bb global_colors_info=\u00a0\u00bb{}\u00a0\u00bb][et_pb_column type=\u00a0\u00bb1_2&Prime; _builder_version=\u00a0\u00bb4.27.4&Prime; _module_preset=\u00a0\u00bbdefault\u00a0\u00bb global_colors_info=\u00a0\u00bb{}\u00a0\u00bb][et_pb_image src=\u00a0\u00bbhttps:\/\/planetem.xyz\/wp-content\/uploads\/2025\/11\/CM208970-1-2.png\u00a0\u00bb title_text=\u00a0\u00bbCM208970 1 (2)\u00a0\u00bb admin_label=\u00a0\u00bbImage\u00a0\u00bb _builder_version=\u00a0\u00bb4.27.4&Prime; _module_preset=\u00a0\u00bbdefault\u00a0\u00bb custom_margin=\u00a0\u00bb||-54px||false|false\u00a0\u00bb custom_margin_tablet=\u00a0\u00bb-80px||-54px||false|false\u00a0\u00bb custom_margin_phone=\u00a0\u00bb-80px||-54px||false|false\u00a0\u00bb custom_margin_last_edited=\u00a0\u00bbon|desktop\u00a0\u00bb animation_style=\u00a0\u00bbslide\u00a0\u00bb animation_direction=\u00a0\u00bbleft\u00a0\u00bb animation_delay=\u00a0\u00bb500ms\u00a0\u00bb animation_intensity_slide=\u00a0\u00bb20%\u00a0\u00bb global_colors_info=\u00a0\u00bb{}\u00a0\u00bb][\/et_pb_image][\/et_pb_column][et_pb_column type=\u00a0\u00bb1_2&Prime; admin_label=\u00a0\u00bbColumn\u00a0\u00bb _builder_version=\u00a0\u00bb4.27.4&Prime; _module_preset=\u00a0\u00bbdefault\u00a0\u00bb global_colors_info=\u00a0\u00bb{}\u00a0\u00bb][et_pb_text _builder_version=\u00a0\u00bb4.27.4&Prime; _module_preset=\u00a0\u00bbdefault\u00a0\u00bb text_font=\u00a0\u00bbMontserrat|500||on|||||\u00a0\u00bb text_text_color=\u00a0\u00bb#FFFFFF\u00a0\u00bb text_font_size=\u00a0\u00bb3em\u00a0\u00bb text_line_height=\u00a0\u00bb1.1em\u00a0\u00bb custom_margin_tablet=\u00a0\u00bb40px||||false|false\u00a0\u00bb custom_margin_phone=\u00a0\u00bb40px|15px||15px|false|true\u00a0\u00bb custom_margin_last_edited=\u00a0\u00bbon|phone\u00a0\u00bb animation_style=\u00a0\u00bbslide\u00a0\u00bb animation_direction=\u00a0\u00bbright\u00a0\u00bb animation_delay=\u00a0\u00bb700ms\u00a0\u00bb animation_intensity_slide=\u00a0\u00bb20%\u00a0\u00bb hover_enabled=\u00a0\u00bb0&Prime; global_colors_info=\u00a0\u00bb{}\u00a0\u00bb sticky_enabled=\u00a0\u00bb0&Prime;]<\/p>\n<p>Plan\u00e8te Mobile fait l&rsquo;acquisition de M\u00e9ga-Sat\u200b de Qu\u00e9bec<\/p>\n<p>[\/et_pb_text][et_pb_text _builder_version=\u00a0\u00bb4.27.4&Prime; _module_preset=\u00a0\u00bbdefault\u00a0\u00bb text_font=\u00a0\u00bbMontserrat|500|||||||\u00a0\u00bb text_text_color=\u00a0\u00bb#FFFFFF\u00a0\u00bb text_font_size=\u00a0\u00bb1.3em\u00a0\u00bb animation_style=\u00a0\u00bbslide\u00a0\u00bb animation_direction=\u00a0\u00bbbottom\u00a0\u00bb animation_delay=\u00a0\u00bb900ms\u00a0\u00bb animation_intensity_slide=\u00a0\u00bb20%\u00a0\u00bb hover_enabled=\u00a0\u00bb0&Prime; global_colors_info=\u00a0\u00bb{}\u00a0\u00bb custom_margin_last_edited=\u00a0\u00bbon|phone\u00a0\u00bb custom_margin_phone=\u00a0\u00bb|15px||15px|false|true\u00a0\u00bb sticky_enabled=\u00a0\u00bb0&Prime;]<\/p>\n<p>MONTR\u00c9AL, 15 septembre 2022. Jacques Francisque, pr\u00e9sident de Plan\u00e8te Mobile, un des plus importants r\u00e9seaux de concessionnaires autoris\u00e9s Rogers et Fido au Canada, est enchant\u00e9 et fier de vous annoncer l&rsquo;acquisition de Communications Mega-Sat.<\/p>\n<p>[\/et_pb_text][\/et_pb_column][\/et_pb_row][\/et_pb_section][et_pb_section fb_built=\u00a0\u00bb1&Prime; _builder_version=\u00a0\u00bb4.27.4&Prime; _module_preset=\u00a0\u00bbdefault\u00a0\u00bb global_colors_info=\u00a0\u00bb{}\u00a0\u00bb][et_pb_row _builder_version=\u00a0\u00bb4.27.4&Prime; _module_preset=\u00a0\u00bbdefault\u00a0\u00bb global_colors_info=\u00a0\u00bb{}\u00a0\u00bb][et_pb_column type=\u00a0\u00bb4_4&Prime; _builder_version=\u00a0\u00bb4.27.4&Prime; _module_preset=\u00a0\u00bbdefault\u00a0\u00bb global_colors_info=\u00a0\u00bb{}\u00a0\u00bb][et_pb_text _builder_version=\u00a0\u00bb4.27.4&Prime; _module_preset=\u00a0\u00bbdefault\u00a0\u00bb text_font=\u00a0\u00bbMontserrat|500|||||||\u00a0\u00bb text_text_color=\u00a0\u00bb#000000&Prime; text_font_size=\u00a0\u00bb1.3em\u00a0\u00bb animation_style=\u00a0\u00bbslide\u00a0\u00bb animation_delay=\u00a0\u00bb1200ms\u00a0\u00bb animation_intensity_slide=\u00a0\u00bb20%\u00a0\u00bb hover_enabled=\u00a0\u00bb0&Prime; global_colors_info=\u00a0\u00bb{}\u00a0\u00bb sticky_enabled=\u00a0\u00bb0&Prime;]<\/p>\n<p>Cette entreprise bas\u00e9e \u00e0 Qu\u00e9bec et bien implant\u00e9e depuis pr\u00e8s de 26 ans op\u00e8re \u00e9galement un r\u00e9seau de concessionnaires repr\u00e9sentant les m\u00eames banni\u00e8res. Cette acquisition permettra ainsi \u00e0 Plan\u00e8te Mobile, d\u00e9j\u00e0 bien \u00e9tablie dans la grande r\u00e9gion de Montr\u00e9al, de renforcer sa pr\u00e9sence dans plusieurs autres r\u00e9gions de la province telles que Qu\u00e9bec, Mauricie, Beauce, Saguenay\u2013Lac-Saint-Jean et Abitibi T\u00e9miscaminque. L&rsquo;organisation ajoute ainsi 12 magasins \u00e0 son r\u00e9seau qui compte actuellement plus de 25 emplacements et pourra maintenant offrir sa gamme de services personnalis\u00e9s d\u00e9di\u00e9s aux entreprises et aux particuliers sur une plus grande partie du territoire Qu\u00e9b\u00e9cois. Jacques et toute l\u2019\u00e9quipe de la grande famille Plan\u00e8te Mobile souhaitent ainsi souligner la bienvenue \u00e0 tous les nouveaux membres qui s\u2019y joindront. Plan\u00e8te Mobile est des plus reconnaissant d\u2019avoir la chance de continuer sa croissance aupr\u00e8s d\u2019une \u00e9quipe si chaleureuse, dynamique et soud\u00e9e!<\/p>\n<p>Derek et toute l&rsquo;\u00e9quipe souhaitent la bienvenue aux nouveaux membres de la famille Plan\u00e8te Mobile. Nous sommes ravis de vous compter parmi nous.<\/p>\n<p>[\/et_pb_text][et_pb_button button_url=\u00a0\u00bbhttps:\/\/planetem.xyz\/nouvelles\/\u00a0\u00bb button_text=\u00a0\u00bbretour\u00a0\u00bb button_alignment=\u00a0\u00bbcenter\u00a0\u00bb _builder_version=\u00a0\u00bb4.27.4&Prime; _module_preset=\u00a0\u00bbdefault\u00a0\u00bb custom_button=\u00a0\u00bbon\u00a0\u00bb button_text_color=\u00a0\u00bb#FFFFFF\u00a0\u00bb button_bg_color=\u00a0\u00bb#E02B20&Prime; button_border_width=\u00a0\u00bb0px\u00a0\u00bb button_border_radius=\u00a0\u00bb42px\u00a0\u00bb button_font=\u00a0\u00bbMontserrat|300||on|||||\u00a0\u00bb animation_style=\u00a0\u00bbslide\u00a0\u00bb animation_direction=\u00a0\u00bbbottom\u00a0\u00bb animation_delay=\u00a0\u00bb1400ms\u00a0\u00bb animation_intensity_slide=\u00a0\u00bb20%\u00a0\u00bb locked=\u00a0\u00bboff\u00a0\u00bb global_colors_info=\u00a0\u00bb{}\u00a0\u00bb][\/et_pb_button][et_pb_image src=\u00a0\u00bbhttps:\/\/planetem.xyz\/wp-content\/uploads\/2025\/10\/Vector-6.png\u00a0\u00bb title_text=\u00a0\u00bbVector (6)\u00a0\u00bb module_class=\u00a0\u00bbhide-on-mobile-tablet smooth-section\u00a0\u00bb _builder_version=\u00a0\u00bb4.27.4&Prime; _module_preset=\u00a0\u00bbdefault\u00a0\u00bb positioning=\u00a0\u00bbabsolute\u00a0\u00bb position_origin_a=\u00a0\u00bbbottom_right\u00a0\u00bb vertical_offset=\u00a0\u00bb-82px\u00a0\u00bb horizontal_offset=\u00a0\u00bb-165px\u00a0\u00bb width=\u00a0\u00bb40%\u00a0\u00bb global_colors_info=\u00a0\u00bb{}\u00a0\u00bb][\/et_pb_image][\/et_pb_column][\/et_pb_row][\/et_pb_section]<\/p>\n","protected":false},"excerpt":{"rendered":"<p>Plan\u00e8te Mobile fait l&rsquo;acquisition de M\u00e9ga-Sat\u200b de Qu\u00e9becMONTR\u00c9AL, 15 septembre 2022. Jacques Francisque, pr\u00e9sident de Plan\u00e8te Mobile, un des plus importants r\u00e9seaux de concessionnaires autoris\u00e9s Rogers et Fido au Canada, est enchant\u00e9 et fier de vous annoncer l&rsquo;acquisition de Communications Mega-Sat.Cette entreprise bas\u00e9e \u00e0 Qu\u00e9bec et bien implant\u00e9e depuis pr\u00e8s de 26 ans op\u00e8re \u00e9galement [&hellip;]<\/p>\n","protected":false},"author":1,"featured_media":0,"parent":0,"menu_order":0,"comment_status":"closed","ping_status":"closed","template":"","meta":{"_et_pb_use_builder":"on","_et_pb_old_content":"<!-- wp:divi\/placeholder \/-->","_et_gb_content_width":"","_monsterinsights_skip_tracking":false,"_monsterinsights_sitenote_active":false,"_monsterinsights_sitenote_note":"","_monsterinsights_sitenote_category":0,"footnotes":""},"class_list":["post-1794","page","type-page","status-publish","hentry"],"yoast_head":"<!-- This site is optimized with the Yoast SEO plugin v27.0 - https:\/\/yoast.com\/product\/yoast-seo-wordpress\/ -->\n<title>Acquisition de M\u00e9ga-Sat - Plan\u00e8te Mobile<\/title>\n<meta name=\"robots\" content=\"index, follow, max-snippet:-1, max-image-preview:large, max-video-preview:-1\" \/>\n<link rel=\"canonical\" href=\"https:\/\/planetem.xyz\/en\/acquisition-de-mega-sat\/\" \/>\n<meta property=\"og:locale\" content=\"en_US\" \/>\n<meta property=\"og:type\" content=\"article\" \/>\n<meta property=\"og:title\" content=\"Acquisition de M\u00e9ga-Sat - Plan\u00e8te Mobile\" \/>\n<meta property=\"og:description\" content=\"Plan\u00e8te Mobile fait l&#039;acquisition de M\u00e9ga-Sat\u200b de Qu\u00e9becMONTR\u00c9AL, 15 septembre 2022. Jacques Francisque, pr\u00e9sident de Plan\u00e8te Mobile, un des plus importants r\u00e9seaux de concessionnaires autoris\u00e9s Rogers et Fido au Canada, est enchant\u00e9 et fier de vous annoncer l&#039;acquisition de Communications Mega-Sat.Cette entreprise bas\u00e9e \u00e0 Qu\u00e9bec et bien implant\u00e9e depuis pr\u00e8s de 26 ans op\u00e8re \u00e9galement [&hellip;]\" \/>\n<meta property=\"og:url\" content=\"https:\/\/planetem.xyz\/en\/acquisition-de-mega-sat\/\" \/>\n<meta property=\"og:site_name\" content=\"Plan\u00e8te Mobile\" \/>\n<meta property=\"article:publisher\" content=\"https:\/\/www.facebook.com\/planetemobilevalleyfield\/\" \/>\n<meta property=\"article:modified_time\" content=\"2025-12-29T15:12:39+00:00\" \/>\n<meta name=\"twitter:card\" content=\"summary_large_image\" \/>\n<meta name=\"twitter:label1\" content=\"Est. reading time\" \/>\n\t<meta name=\"twitter:data1\" content=\"4 minutes\" \/>\n<script type=\"application\/ld+json\" class=\"yoast-schema-graph\">{\"@context\":\"https:\/\/schema.org\",\"@graph\":[{\"@type\":\"WebPage\",\"@id\":\"https:\/\/planetem.xyz\/en\/acquisition-de-mega-sat\/\",\"url\":\"https:\/\/planetem.xyz\/en\/acquisition-de-mega-sat\/\",\"name\":\"Acquisition de M\u00e9ga-Sat - Plan\u00e8te Mobile\",\"isPartOf\":{\"@id\":\"https:\/\/planetem.xyz\/en\/#website\"},\"datePublished\":\"2025-10-21T18:29:29+00:00\",\"dateModified\":\"2025-12-29T15:12:39+00:00\",\"breadcrumb\":{\"@id\":\"https:\/\/planetem.xyz\/en\/acquisition-de-mega-sat\/#breadcrumb\"},\"inLanguage\":\"en-CA\",\"potentialAction\":[{\"@type\":\"ReadAction\",\"target\":[\"https:\/\/planetem.xyz\/en\/acquisition-de-mega-sat\/\"]}]},{\"@type\":\"BreadcrumbList\",\"@id\":\"https:\/\/planetem.xyz\/en\/acquisition-de-mega-sat\/#breadcrumb\",\"itemListElement\":[{\"@type\":\"ListItem\",\"position\":1,\"name\":\"Home\",\"item\":\"https:\/\/planetem.xyz\/en\/\"},{\"@type\":\"ListItem\",\"position\":2,\"name\":\"Acquisition de M\u00e9ga-Sat\"}]},{\"@type\":\"WebSite\",\"@id\":\"https:\/\/planetem.xyz\/en\/#website\",\"url\":\"https:\/\/planetem.xyz\/en\/\",\"name\":\"Plan\u00e8te Mobile\",\"description\":\"\",\"publisher\":{\"@id\":\"https:\/\/planetem.xyz\/en\/#organization\"},\"potentialAction\":[{\"@type\":\"SearchAction\",\"target\":{\"@type\":\"EntryPoint\",\"urlTemplate\":\"https:\/\/planetem.xyz\/en\/?s={search_term_string}\"},\"query-input\":{\"@type\":\"PropertyValueSpecification\",\"valueRequired\":true,\"valueName\":\"search_term_string\"}}],\"inLanguage\":\"en-CA\"},{\"@type\":\"Organization\",\"@id\":\"https:\/\/planetem.xyz\/en\/#organization\",\"name\":\"Plan\u00e8te Mobile\",\"url\":\"https:\/\/planetem.xyz\/en\/\",\"logo\":{\"@type\":\"ImageObject\",\"inLanguage\":\"en-CA\",\"@id\":\"https:\/\/planetem.xyz\/en\/#\/schema\/logo\/image\/\",\"url\":\"https:\/\/planetem.xyz\/wp-content\/uploads\/2025\/10\/03365e817054f8dfebbdb30d3518373bdd149346.png\",\"contentUrl\":\"https:\/\/planetem.xyz\/wp-content\/uploads\/2025\/10\/03365e817054f8dfebbdb30d3518373bdd149346.png\",\"width\":1800,\"height\":900,\"caption\":\"Plan\u00e8te Mobile\"},\"image\":{\"@id\":\"https:\/\/planetem.xyz\/en\/#\/schema\/logo\/image\/\"},\"sameAs\":[\"https:\/\/www.facebook.com\/planetemobilevalleyfield\/\",\"https:\/\/www.linkedin.com\/company\/1627281\/admin\/\"]}]}<\/script>\n<!-- \/ Yoast SEO plugin. -->","yoast_head_json":{"title":"Acquisition de M\u00e9ga-Sat - Plan\u00e8te Mobile","robots":{"index":"index","follow":"follow","max-snippet":"max-snippet:-1","max-image-preview":"max-image-preview:large","max-video-preview":"max-video-preview:-1"},"canonical":"https:\/\/planetem.xyz\/en\/acquisition-de-mega-sat\/","og_locale":"en_US","og_type":"article","og_title":"Acquisition de M\u00e9ga-Sat - Plan\u00e8te Mobile","og_description":"Plan\u00e8te Mobile fait l'acquisition de M\u00e9ga-Sat\u200b de Qu\u00e9becMONTR\u00c9AL, 15 septembre 2022. Jacques Francisque, pr\u00e9sident de Plan\u00e8te Mobile, un des plus importants r\u00e9seaux de concessionnaires autoris\u00e9s Rogers et Fido au Canada, est enchant\u00e9 et fier de vous annoncer l'acquisition de Communications Mega-Sat.Cette entreprise bas\u00e9e \u00e0 Qu\u00e9bec et bien implant\u00e9e depuis pr\u00e8s de 26 ans op\u00e8re \u00e9galement [&hellip;]","og_url":"https:\/\/planetem.xyz\/en\/acquisition-de-mega-sat\/","og_site_name":"Plan\u00e8te Mobile","article_publisher":"https:\/\/www.facebook.com\/planetemobilevalleyfield\/","article_modified_time":"2025-12-29T15:12:39+00:00","twitter_card":"summary_large_image","twitter_misc":{"Est. reading time":"4 minutes"},"schema":{"@context":"https:\/\/schema.org","@graph":[{"@type":"WebPage","@id":"https:\/\/planetem.xyz\/en\/acquisition-de-mega-sat\/","url":"https:\/\/planetem.xyz\/en\/acquisition-de-mega-sat\/","name":"Acquisition de M\u00e9ga-Sat - Plan\u00e8te Mobile","isPartOf":{"@id":"https:\/\/planetem.xyz\/en\/#website"},"datePublished":"2025-10-21T18:29:29+00:00","dateModified":"2025-12-29T15:12:39+00:00","breadcrumb":{"@id":"https:\/\/planetem.xyz\/en\/acquisition-de-mega-sat\/#breadcrumb"},"inLanguage":"en-CA","potentialAction":[{"@type":"ReadAction","target":["https:\/\/planetem.xyz\/en\/acquisition-de-mega-sat\/"]}]},{"@type":"BreadcrumbList","@id":"https:\/\/planetem.xyz\/en\/acquisition-de-mega-sat\/#breadcrumb","itemListElement":[{"@type":"ListItem","position":1,"name":"Home","item":"https:\/\/planetem.xyz\/en\/"},{"@type":"ListItem","position":2,"name":"Acquisition de M\u00e9ga-Sat"}]},{"@type":"WebSite","@id":"https:\/\/planetem.xyz\/en\/#website","url":"https:\/\/planetem.xyz\/en\/","name":"Plan\u00e8te Mobile","description":"","publisher":{"@id":"https:\/\/planetem.xyz\/en\/#organization"},"potentialAction":[{"@type":"SearchAction","target":{"@type":"EntryPoint","urlTemplate":"https:\/\/planetem.xyz\/en\/?s={search_term_string}"},"query-input":{"@type":"PropertyValueSpecification","valueRequired":true,"valueName":"search_term_string"}}],"inLanguage":"en-CA"},{"@type":"Organization","@id":"https:\/\/planetem.xyz\/en\/#organization","name":"Plan\u00e8te Mobile","url":"https:\/\/planetem.xyz\/en\/","logo":{"@type":"ImageObject","inLanguage":"en-CA","@id":"https:\/\/planetem.xyz\/en\/#\/schema\/logo\/image\/","url":"https:\/\/planetem.xyz\/wp-content\/uploads\/2025\/10\/03365e817054f8dfebbdb30d3518373bdd149346.png","contentUrl":"https:\/\/planetem.xyz\/wp-content\/uploads\/2025\/10\/03365e817054f8dfebbdb30d3518373bdd149346.png","width":1800,"height":900,"caption":"Plan\u00e8te Mobile"},"image":{"@id":"https:\/\/planetem.xyz\/en\/#\/schema\/logo\/image\/"},"sameAs":["https:\/\/www.facebook.com\/planetemobilevalleyfield\/","https:\/\/www.linkedin.com\/company\/1627281\/admin\/"]}]}},"_links":{"self":[{"href":"https:\/\/planetem.xyz\/en\/wp-json\/wp\/v2\/pages\/1794","targetHints":{"allow":["GET"]}}],"collection":[{"href":"https:\/\/planetem.xyz\/en\/wp-json\/wp\/v2\/pages"}],"about":[{"href":"https:\/\/planetem.xyz\/en\/wp-json\/wp\/v2\/types\/page"}],"author":[{"embeddable":true,"href":"https:\/\/planetem.xyz\/en\/wp-json\/wp\/v2\/users\/1"}],"replies":[{"embeddable":true,"href":"https:\/\/planetem.xyz\/en\/wp-json\/wp\/v2\/comments?post=1794"}],"version-history":[{"count":1,"href":"https:\/\/planetem.xyz\/en\/wp-json\/wp\/v2\/pages\/1794\/revisions"}],"predecessor-version":[{"id":4295,"href":"https:\/\/planetem.xyz\/en\/wp-json\/wp\/v2\/pages\/1794\/revisions\/4295"}],"wp:attachment":[{"href":"https:\/\/planetem.xyz\/en\/wp-json\/wp\/v2\/media?parent=1794"}],"curies":[{"name":"wp","href":"https:\/\/api.w.org\/{rel}","templated":true}]}}