{"id":1799,"date":"2025-10-21T18:30:06","date_gmt":"2025-10-21T18:30:06","guid":{"rendered":"https:\/\/planetem.xyz\/?page_id=1799"},"modified":"2025-11-26T15:09:50","modified_gmt":"2025-11-26T15:09:50","slug":"asc-americas-annonce-un-partenariat","status":"publish","type":"page","link":"https:\/\/planetem.xyz\/en\/asc-americas-annonce-un-partenariat\/","title":{"rendered":"ASC Americas annonce un partenariat"},"content":{"rendered":"<p>[et_pb_section fb_built=\u00a0\u00bb1&Prime; _builder_version=\u00a0\u00bb4.27.4&Prime; _module_preset=\u00a0\u00bbdefault\u00a0\u00bb use_background_color_gradient=\u00a0\u00bbon\u00a0\u00bb background_color_gradient_direction=\u00a0\u00bb90deg\u00a0\u00bb background_color_gradient_stops=\u00a0\u00bb#dc291e 0%|#73203e 100%\u00a0\u00bb locked=\u00a0\u00bboff\u00a0\u00bb global_colors_info=\u00a0\u00bb{}\u00a0\u00bb][et_pb_row column_structure=\u00a0\u00bb1_2,1_2&Prime; _builder_version=\u00a0\u00bb4.27.4&Prime; _module_preset=\u00a0\u00bbdefault\u00a0\u00bb width=\u00a0\u00bb100%\u00a0\u00bb max_width=\u00a0\u00bb1482px\u00a0\u00bb hover_enabled=\u00a0\u00bb0&Prime; global_colors_info=\u00a0\u00bb{}\u00a0\u00bb sticky_enabled=\u00a0\u00bb0&Prime;][et_pb_column type=\u00a0\u00bb1_2&Prime; _builder_version=\u00a0\u00bb4.27.4&Prime; _module_preset=\u00a0\u00bbdefault\u00a0\u00bb global_colors_info=\u00a0\u00bb{}\u00a0\u00bb][et_pb_image src=\u00a0\u00bbhttps:\/\/planetem.xyz\/wp-content\/uploads\/2025\/11\/Frame-48-4.png\u00a0\u00bb title_text=\u00a0\u00bbFrame 48 (4)\u00a0\u00bb align=\u00a0\u00bbcenter\u00a0\u00bb _builder_version=\u00a0\u00bb4.27.4&Prime; _module_preset=\u00a0\u00bbdefault\u00a0\u00bb custom_margin_tablet=\u00a0\u00bb-80px||||false|false\u00a0\u00bb custom_margin_phone=\u00a0\u00bb-80px||||false|false\u00a0\u00bb custom_margin_last_edited=\u00a0\u00bbon|phone\u00a0\u00bb animation_style=\u00a0\u00bbslide\u00a0\u00bb animation_direction=\u00a0\u00bbleft\u00a0\u00bb animation_delay=\u00a0\u00bb500ms\u00a0\u00bb animation_intensity_slide=\u00a0\u00bb20%\u00a0\u00bb hover_enabled=\u00a0\u00bb0&Prime; global_colors_info=\u00a0\u00bb{}\u00a0\u00bb sticky_enabled=\u00a0\u00bb0&Prime;][\/et_pb_image][\/et_pb_column][et_pb_column type=\u00a0\u00bb1_2&Prime; _builder_version=\u00a0\u00bb4.27.4&Prime; _module_preset=\u00a0\u00bbdefault\u00a0\u00bb global_colors_info=\u00a0\u00bb{}\u00a0\u00bb][et_pb_text _builder_version=\u00a0\u00bb4.27.4&Prime; _module_preset=\u00a0\u00bbdefault\u00a0\u00bb text_font=\u00a0\u00bbMontserrat|500||on|||||\u00a0\u00bb text_text_color=\u00a0\u00bb#FFFFFF\u00a0\u00bb text_font_size=\u00a0\u00bb3em\u00a0\u00bb text_line_height=\u00a0\u00bb1.1em\u00a0\u00bb custom_margin_tablet=\u00a0\u00bb|15px||15px|false|false\u00a0\u00bb custom_margin_phone=\u00a0\u00bb|15px||15px|false|false\u00a0\u00bb custom_margin_last_edited=\u00a0\u00bbon|tablet\u00a0\u00bb animation_style=\u00a0\u00bbslide\u00a0\u00bb animation_direction=\u00a0\u00bbright\u00a0\u00bb animation_delay=\u00a0\u00bb700ms\u00a0\u00bb animation_intensity_slide=\u00a0\u00bb20%\u00a0\u00bb global_colors_info=\u00a0\u00bb{}\u00a0\u00bb]<\/p>\n<p>ASC Americas annonce un partenariat avec Plan\u00e8te Mobile Canada<\/p>\n<p>[\/et_pb_text][et_pb_text _builder_version=\u00a0\u00bb4.27.4&Prime; _module_preset=\u00a0\u00bbdefault\u00a0\u00bb text_font=\u00a0\u00bbMontserrat|500|||||||\u00a0\u00bb text_text_color=\u00a0\u00bb#FFFFFF\u00a0\u00bb text_font_size=\u00a0\u00bb1.3em\u00a0\u00bb custom_margin_tablet=\u00a0\u00bb|15px||15px|false|false\u00a0\u00bb custom_margin_phone=\u00a0\u00bb|||15px|false|false\u00a0\u00bb custom_margin_last_edited=\u00a0\u00bbon|phone\u00a0\u00bb animation_style=\u00a0\u00bbslide\u00a0\u00bb animation_direction=\u00a0\u00bbbottom\u00a0\u00bb animation_delay=\u00a0\u00bb900ms\u00a0\u00bb animation_intensity_slide=\u00a0\u00bb20%\u00a0\u00bb global_colors_info=\u00a0\u00bb{}\u00a0\u00bb]<\/p>\n<p>Les entreprises profitent d\u2019une int\u00e9gration rapide et d\u2019une gestion simplifi\u00e9e.<\/p>\n<p>H\u00f6sbach, 27 juillet 2021\u00a0\u2013 ASC Americas, un fournisseur de logiciels et de solutions cloud leader sur le march\u00e9 de l&rsquo;enregistrement omnicanal, de la gestion de la qualit\u00e9 et de l&rsquo;analyse, a annonc\u00e9 aujourd&rsquo;hui son partenariat avec Planete Mobile pour le march\u00e9 canadien.<\/p>\n<p>[\/et_pb_text][\/et_pb_column][\/et_pb_row][\/et_pb_section][et_pb_section fb_built=\u00a0\u00bb1&Prime; _builder_version=\u00a0\u00bb4.27.4&Prime; _module_preset=\u00a0\u00bbdefault\u00a0\u00bb locked=\u00a0\u00bboff\u00a0\u00bb global_colors_info=\u00a0\u00bb{}\u00a0\u00bb][et_pb_row _builder_version=\u00a0\u00bb4.27.4&Prime; _module_preset=\u00a0\u00bbdefault\u00a0\u00bb global_colors_info=\u00a0\u00bb{}\u00a0\u00bb][et_pb_column type=\u00a0\u00bb4_4&Prime; _builder_version=\u00a0\u00bb4.27.4&Prime; _module_preset=\u00a0\u00bbdefault\u00a0\u00bb global_colors_info=\u00a0\u00bb{}\u00a0\u00bb][et_pb_text _builder_version=\u00a0\u00bb4.27.4&Prime; _module_preset=\u00a0\u00bbdefault\u00a0\u00bb text_font=\u00a0\u00bbMontserrat|500|||||||\u00a0\u00bb text_text_color=\u00a0\u00bb#000000&Prime; text_font_size=\u00a0\u00bb1.3em\u00a0\u00bb animation_style=\u00a0\u00bbslide\u00a0\u00bb animation_delay=\u00a0\u00bb1200ms\u00a0\u00bb animation_intensity_slide=\u00a0\u00bb20%\u00a0\u00bb global_colors_info=\u00a0\u00bb{}\u00a0\u00bb]<\/p>\n<p>En tant que revendeur autoris\u00e9 par Rogers, l&rsquo;une des principales soci\u00e9t\u00e9s canadiennes de technologie et de m\u00e9dias pour les entreprises, Planete Mobile offre des services de t\u00e9l\u00e9communications de pointe, notamment des solutions Microsoft 365. Gr\u00e2ce \u00e0 ce partenariat, ASC Americas fournira sa solution de classe mondiale Recording Insights &#8211; une application native et certifi\u00e9e assurant un enregistrement et un archivage conformes \u00e0 la loi au sein de Microsoft Teams &#8211; aux entreprises du Canada.<\/p>\n<p>Planete Mobile Canada commercialisera la plateforme technologique compl\u00e8te Recording Insights d&rsquo;ASC, qui comprend les services suivants :<\/p>\n<p><strong>LA CONFORMITE DE L\u2019ENREGISTREMENT<\/strong>\u2028<br \/>L\u2019application garantit un enregistrement conforme \u00e0 la loi de tous les canaux de communication dans Microsoft Teams, y compris les appels audio (appels internes et externes), les conversations par chat et les r\u00e9unions vid\u00e9o. Cela permet aux clients de capturer et de stocker l&rsquo;ensemble de la communication dans le cloud Microsoft Azure, garantissant ainsi la conformit\u00e9 aux exigences complexes de MIFID II, HIPAA, Dodd-Frank ou RGPD lors de l&rsquo;utilisation de Microsoft Teams.<\/p>\n<p>&nbsp;<\/p>\n<p><strong>GESTION DES RISQUES AVEC LES OUTILS D\u2019ANALYSES<\/strong>\u2028<br \/>Les fonctionnalit\u00e9s d&rsquo;analyse d&rsquo;ASC Recording Insights coupl\u00e9es aux fonctions innovantes d&rsquo;IA des Cognitives Services de Microsoft offrent une approche proactive de la gestion de la conformit\u00e9. Toutes les interactions enregistr\u00e9es dans Microsoft Teams peuvent \u00eatre transcrites de l&rsquo;audio au texte gr\u00e2ce aux services vocaux. En outre, le traitement du langage naturel facilite la cat\u00e9gorisation automatique ainsi que la d\u00e9tection et la traduction des \u00e9motions directement dans l&rsquo;application. Le contenu des communications peut \u00eatre cat\u00e9goris\u00e9, extrait, transcrit, \u00e9tiquet\u00e9, traduit et analys\u00e9 sans intervention humaine. Les risques potentiels de conformit\u00e9 peuvent ainsi \u00eatre d\u00e9tect\u00e9s en temps r\u00e9el de mani\u00e8re proactive.<\/p>\n<p>En plus de fournir ses solutions Microsoft Compliance et Recording Insight, ASC Americas travaillera en \u00e9troite collaboration avec Planete Mobile pour fournir un contenu et des solutions uniques pour le march\u00e9 canadien. De plus, nous partagerons des informations exclusives sur l&rsquo;industrie de l&rsquo;enregistrement avec la vaste base de donn\u00e9es des clients de Planete Mobile et nous soutiendrons leur engagement \u00e0 r\u00e9pondre aux exigences de conformit\u00e9 de l&rsquo;industrie.<\/p>\n<p>Franco Pola, directeur des solutions d&rsquo;affaires chez Plan\u00e8te Mobile, commente l&rsquo;alignement conjoint : \u00ab\u00a0Microsoft Teams est en train de devenir l&rsquo;une des plus importantes plateformes de collaboration sur le march\u00e9 des communications unifi\u00e9es, en particulier pour nous au Canada. Reconnaissant une grande lacune sur le march\u00e9, mais en m\u00eame temps une grande opportunit\u00e9 pour les solutions de conformit\u00e9 au Canada, nous \u00e9tions \u00e0 la recherche d&rsquo;un partenaire certifi\u00e9 Microsoft pour fournir une solution d&rsquo;enregistrement appropri\u00e9e pour Microsoft Teams. Nous avons approch\u00e9 ASC parce que leur solution Recording Insights est la plus compl\u00e8te et la plus facile \u00e0 utiliser, avec une strat\u00e9gie de prix tr\u00e8s attractive pour les petites et grandes entreprises. Nous pensons que Recording Insights \u00e9tait la pi\u00e8ce manquante du puzzle pour notre initiative visant \u00e0 offrir une solution de conformit\u00e9 compl\u00e8te et cl\u00e9 en main. Ensemble, nous sommes en mesure d&rsquo;amener la promotion de Microsoft 365 \u00e0 un niveau v\u00e9ritablement nouveau.\u00a0\u00bb<\/p>\n<p><span style=\"color: #ff0000;\"><strong>\u00c0 propos de l&rsquo;ASC<br \/><\/strong><\/span><br \/>ASC est un fournisseur leader mondial de logiciels et de solutions cloud dans le domaine de l&rsquo;enregistrement omnicanal, de la gestion de la qualit\u00e9 et de l&rsquo;analyse. Parmi nos groupes cibles figurent toutes les entreprises qui enregistrent leurs communications, notamment les centres de contact, les institutions financi\u00e8res et les organismes de s\u00e9curit\u00e9 publique. Nous enregistrons, analysons et \u00e9valuons les interactions sur tous les supports &#8211; en tant que service depuis le cloud ou sur site. Nous croyons en l&rsquo;informatique d\u00e9mat\u00e9rialis\u00e9e et proposons donc une famille de produits et de services v\u00e9ritablement multi-tenants et hautement \u00e9volutifs, offrant \u00e0 nos clients une flexibilit\u00e9 totale et leur permettant d&rsquo;investir au fur et \u00e0 mesure de leur croissance, en tirant toujours parti de notre technologie la plus r\u00e9cente. Bas\u00e9 en Allemagne, ASC est le premier acteur europ\u00e9en de son secteur, avec des unit\u00e9s locales de vente et de service dans douze pays actuellement.<\/p>\n<p><span style=\"color: #ff0000;\"><strong>\u00c0 propos de Plan\u00e8te Mobile<\/strong><\/span><\/p>\n<p>Entreprise de t\u00e9l\u00e9communications sans fil et filaire de longue date fond\u00e9e en 1996, Plan\u00e8te Mobile est l&rsquo;un des plus importants concessionnaires autoris\u00e9s de Rogers au Canada. Son approche commerciale sophistiqu\u00e9e est ax\u00e9e sur le service \u00e0 la client\u00e8le, le soutien technique et l&rsquo;innovation. Ses domaines d&rsquo;expertise comprennent l&rsquo;h\u00e9bergement en nuage, les centres de donn\u00e9es, la mobilit\u00e9 sans fil, l&rsquo;acc\u00e8s \u00e0 Internet et les solutions Microsoft 365. L&rsquo;entreprise \u00e9volue constamment pour comprendre, \u00e9valuer et offrir \u00e0 ses clients des solutions sur mesure pour aujourd&rsquo;hui et pour demain.<\/p>\n<p>[\/et_pb_text][et_pb_button button_url=\u00a0\u00bbhttps:\/\/planetem.xyz\/nouvelles\/\u00a0\u00bb button_text=\u00a0\u00bbretour\u00a0\u00bb button_alignment=\u00a0\u00bbcenter\u00a0\u00bb _builder_version=\u00a0\u00bb4.27.4&Prime; _module_preset=\u00a0\u00bbdefault\u00a0\u00bb custom_button=\u00a0\u00bbon\u00a0\u00bb button_text_color=\u00a0\u00bb#FFFFFF\u00a0\u00bb button_bg_color=\u00a0\u00bb#E02B20&Prime; button_border_width=\u00a0\u00bb0px\u00a0\u00bb button_border_radius=\u00a0\u00bb42px\u00a0\u00bb button_font=\u00a0\u00bbMontserrat|300||on|||||\u00a0\u00bb animation_style=\u00a0\u00bbslide\u00a0\u00bb animation_direction=\u00a0\u00bbbottom\u00a0\u00bb animation_delay=\u00a0\u00bb1400ms\u00a0\u00bb animation_intensity_slide=\u00a0\u00bb20%\u00a0\u00bb locked=\u00a0\u00bboff\u00a0\u00bb global_colors_info=\u00a0\u00bb{}\u00a0\u00bb][\/et_pb_button][et_pb_image src=\u00a0\u00bbhttps:\/\/planetem.xyz\/wp-content\/uploads\/2025\/10\/Vector-6.png\u00a0\u00bb title_text=\u00a0\u00bbVector (6)\u00a0\u00bb module_class=\u00a0\u00bbhide-on-mobile-tablet smooth-section\u00a0\u00bb _builder_version=\u00a0\u00bb4.27.4&Prime; _module_preset=\u00a0\u00bbdefault\u00a0\u00bb positioning=\u00a0\u00bbabsolute\u00a0\u00bb position_origin_a=\u00a0\u00bbbottom_right\u00a0\u00bb vertical_offset=\u00a0\u00bb-82px\u00a0\u00bb horizontal_offset=\u00a0\u00bb-165px\u00a0\u00bb width=\u00a0\u00bb40%\u00a0\u00bb global_colors_info=\u00a0\u00bb{}\u00a0\u00bb][\/et_pb_image][\/et_pb_column][\/et_pb_row][\/et_pb_section]<\/p>\n","protected":false},"excerpt":{"rendered":"<p>ASC Americas annonce un partenariat avec Plan\u00e8te Mobile CanadaLes entreprises profitent d\u2019une int\u00e9gration rapide et d\u2019une gestion simplifi\u00e9e. H\u00f6sbach, 27 juillet 2021\u00a0\u2013 ASC Americas, un fournisseur de logiciels et de solutions cloud leader sur le march\u00e9 de l&rsquo;enregistrement omnicanal, de la gestion de la qualit\u00e9 et de l&rsquo;analyse, a annonc\u00e9 aujourd&rsquo;hui son partenariat avec Planete [&hellip;]<\/p>\n","protected":false},"author":1,"featured_media":0,"parent":0,"menu_order":0,"comment_status":"closed","ping_status":"closed","template":"","meta":{"_et_pb_use_builder":"on","_et_pb_old_content":"<!-- wp:divi\/placeholder \/-->","_et_gb_content_width":"","_monsterinsights_skip_tracking":false,"_monsterinsights_sitenote_active":false,"_monsterinsights_sitenote_note":"","_monsterinsights_sitenote_category":0,"footnotes":""},"class_list":["post-1799","page","type-page","status-publish","hentry"],"yoast_head":"<!-- This site is optimized with the Yoast SEO plugin v27.0 - https:\/\/yoast.com\/product\/yoast-seo-wordpress\/ -->\n<title>ASC Americas annonce un partenariat - Plan\u00e8te Mobile<\/title>\n<meta name=\"robots\" content=\"index, follow, max-snippet:-1, max-image-preview:large, max-video-preview:-1\" \/>\n<link rel=\"canonical\" href=\"https:\/\/planetem.xyz\/en\/asc-americas-annonce-un-partenariat\/\" \/>\n<meta property=\"og:locale\" content=\"en_US\" \/>\n<meta property=\"og:type\" content=\"article\" \/>\n<meta property=\"og:title\" content=\"ASC Americas annonce un partenariat - Plan\u00e8te Mobile\" \/>\n<meta property=\"og:description\" content=\"ASC Americas annonce un partenariat avec Plan\u00e8te Mobile CanadaLes entreprises profitent d\u2019une int\u00e9gration rapide et d\u2019une gestion simplifi\u00e9e. H\u00f6sbach, 27 juillet 2021\u00a0\u2013 ASC Americas, un fournisseur de logiciels et de solutions cloud leader sur le march\u00e9 de l&#039;enregistrement omnicanal, de la gestion de la qualit\u00e9 et de l&#039;analyse, a annonc\u00e9 aujourd&#039;hui son partenariat avec Planete [&hellip;]\" \/>\n<meta property=\"og:url\" content=\"https:\/\/planetem.xyz\/en\/asc-americas-annonce-un-partenariat\/\" \/>\n<meta property=\"og:site_name\" content=\"Plan\u00e8te Mobile\" \/>\n<meta property=\"article:publisher\" content=\"https:\/\/www.facebook.com\/planetemobilevalleyfield\/\" \/>\n<meta property=\"article:modified_time\" content=\"2025-11-26T15:09:50+00:00\" \/>\n<meta name=\"twitter:card\" content=\"summary_large_image\" \/>\n<meta name=\"twitter:label1\" content=\"Est. reading time\" \/>\n\t<meta name=\"twitter:data1\" content=\"6 minutes\" \/>\n<script type=\"application\/ld+json\" class=\"yoast-schema-graph\">{\"@context\":\"https:\/\/schema.org\",\"@graph\":[{\"@type\":\"WebPage\",\"@id\":\"https:\/\/planetem.xyz\/en\/asc-americas-annonce-un-partenariat\/\",\"url\":\"https:\/\/planetem.xyz\/en\/asc-americas-annonce-un-partenariat\/\",\"name\":\"ASC Americas annonce un partenariat - Plan\u00e8te Mobile\",\"isPartOf\":{\"@id\":\"https:\/\/planetem.xyz\/en\/#website\"},\"datePublished\":\"2025-10-21T18:30:06+00:00\",\"dateModified\":\"2025-11-26T15:09:50+00:00\",\"breadcrumb\":{\"@id\":\"https:\/\/planetem.xyz\/en\/asc-americas-annonce-un-partenariat\/#breadcrumb\"},\"inLanguage\":\"en-CA\",\"potentialAction\":[{\"@type\":\"ReadAction\",\"target\":[\"https:\/\/planetem.xyz\/en\/asc-americas-annonce-un-partenariat\/\"]}]},{\"@type\":\"BreadcrumbList\",\"@id\":\"https:\/\/planetem.xyz\/en\/asc-americas-annonce-un-partenariat\/#breadcrumb\",\"itemListElement\":[{\"@type\":\"ListItem\",\"position\":1,\"name\":\"Home\",\"item\":\"https:\/\/planetem.xyz\/en\/\"},{\"@type\":\"ListItem\",\"position\":2,\"name\":\"ASC Americas annonce un partenariat\"}]},{\"@type\":\"WebSite\",\"@id\":\"https:\/\/planetem.xyz\/en\/#website\",\"url\":\"https:\/\/planetem.xyz\/en\/\",\"name\":\"Plan\u00e8te Mobile\",\"description\":\"\",\"publisher\":{\"@id\":\"https:\/\/planetem.xyz\/en\/#organization\"},\"potentialAction\":[{\"@type\":\"SearchAction\",\"target\":{\"@type\":\"EntryPoint\",\"urlTemplate\":\"https:\/\/planetem.xyz\/en\/?s={search_term_string}\"},\"query-input\":{\"@type\":\"PropertyValueSpecification\",\"valueRequired\":true,\"valueName\":\"search_term_string\"}}],\"inLanguage\":\"en-CA\"},{\"@type\":\"Organization\",\"@id\":\"https:\/\/planetem.xyz\/en\/#organization\",\"name\":\"Plan\u00e8te Mobile\",\"url\":\"https:\/\/planetem.xyz\/en\/\",\"logo\":{\"@type\":\"ImageObject\",\"inLanguage\":\"en-CA\",\"@id\":\"https:\/\/planetem.xyz\/en\/#\/schema\/logo\/image\/\",\"url\":\"https:\/\/planetem.xyz\/wp-content\/uploads\/2025\/10\/03365e817054f8dfebbdb30d3518373bdd149346.png\",\"contentUrl\":\"https:\/\/planetem.xyz\/wp-content\/uploads\/2025\/10\/03365e817054f8dfebbdb30d3518373bdd149346.png\",\"width\":1800,\"height\":900,\"caption\":\"Plan\u00e8te Mobile\"},\"image\":{\"@id\":\"https:\/\/planetem.xyz\/en\/#\/schema\/logo\/image\/\"},\"sameAs\":[\"https:\/\/www.facebook.com\/planetemobilevalleyfield\/\",\"https:\/\/www.linkedin.com\/company\/1627281\/admin\/\"]}]}<\/script>\n<!-- \/ Yoast SEO plugin. -->","yoast_head_json":{"title":"ASC Americas annonce un partenariat - Plan\u00e8te Mobile","robots":{"index":"index","follow":"follow","max-snippet":"max-snippet:-1","max-image-preview":"max-image-preview:large","max-video-preview":"max-video-preview:-1"},"canonical":"https:\/\/planetem.xyz\/en\/asc-americas-annonce-un-partenariat\/","og_locale":"en_US","og_type":"article","og_title":"ASC Americas annonce un partenariat - Plan\u00e8te Mobile","og_description":"ASC Americas annonce un partenariat avec Plan\u00e8te Mobile CanadaLes entreprises profitent d\u2019une int\u00e9gration rapide et d\u2019une gestion simplifi\u00e9e. H\u00f6sbach, 27 juillet 2021\u00a0\u2013 ASC Americas, un fournisseur de logiciels et de solutions cloud leader sur le march\u00e9 de l'enregistrement omnicanal, de la gestion de la qualit\u00e9 et de l'analyse, a annonc\u00e9 aujourd'hui son partenariat avec Planete [&hellip;]","og_url":"https:\/\/planetem.xyz\/en\/asc-americas-annonce-un-partenariat\/","og_site_name":"Plan\u00e8te Mobile","article_publisher":"https:\/\/www.facebook.com\/planetemobilevalleyfield\/","article_modified_time":"2025-11-26T15:09:50+00:00","twitter_card":"summary_large_image","twitter_misc":{"Est. reading time":"6 minutes"},"schema":{"@context":"https:\/\/schema.org","@graph":[{"@type":"WebPage","@id":"https:\/\/planetem.xyz\/en\/asc-americas-annonce-un-partenariat\/","url":"https:\/\/planetem.xyz\/en\/asc-americas-annonce-un-partenariat\/","name":"ASC Americas annonce un partenariat - Plan\u00e8te Mobile","isPartOf":{"@id":"https:\/\/planetem.xyz\/en\/#website"},"datePublished":"2025-10-21T18:30:06+00:00","dateModified":"2025-11-26T15:09:50+00:00","breadcrumb":{"@id":"https:\/\/planetem.xyz\/en\/asc-americas-annonce-un-partenariat\/#breadcrumb"},"inLanguage":"en-CA","potentialAction":[{"@type":"ReadAction","target":["https:\/\/planetem.xyz\/en\/asc-americas-annonce-un-partenariat\/"]}]},{"@type":"BreadcrumbList","@id":"https:\/\/planetem.xyz\/en\/asc-americas-annonce-un-partenariat\/#breadcrumb","itemListElement":[{"@type":"ListItem","position":1,"name":"Home","item":"https:\/\/planetem.xyz\/en\/"},{"@type":"ListItem","position":2,"name":"ASC Americas annonce un partenariat"}]},{"@type":"WebSite","@id":"https:\/\/planetem.xyz\/en\/#website","url":"https:\/\/planetem.xyz\/en\/","name":"Plan\u00e8te Mobile","description":"","publisher":{"@id":"https:\/\/planetem.xyz\/en\/#organization"},"potentialAction":[{"@type":"SearchAction","target":{"@type":"EntryPoint","urlTemplate":"https:\/\/planetem.xyz\/en\/?s={search_term_string}"},"query-input":{"@type":"PropertyValueSpecification","valueRequired":true,"valueName":"search_term_string"}}],"inLanguage":"en-CA"},{"@type":"Organization","@id":"https:\/\/planetem.xyz\/en\/#organization","name":"Plan\u00e8te Mobile","url":"https:\/\/planetem.xyz\/en\/","logo":{"@type":"ImageObject","inLanguage":"en-CA","@id":"https:\/\/planetem.xyz\/en\/#\/schema\/logo\/image\/","url":"https:\/\/planetem.xyz\/wp-content\/uploads\/2025\/10\/03365e817054f8dfebbdb30d3518373bdd149346.png","contentUrl":"https:\/\/planetem.xyz\/wp-content\/uploads\/2025\/10\/03365e817054f8dfebbdb30d3518373bdd149346.png","width":1800,"height":900,"caption":"Plan\u00e8te Mobile"},"image":{"@id":"https:\/\/planetem.xyz\/en\/#\/schema\/logo\/image\/"},"sameAs":["https:\/\/www.facebook.com\/planetemobilevalleyfield\/","https:\/\/www.linkedin.com\/company\/1627281\/admin\/"]}]}},"_links":{"self":[{"href":"https:\/\/planetem.xyz\/en\/wp-json\/wp\/v2\/pages\/1799","targetHints":{"allow":["GET"]}}],"collection":[{"href":"https:\/\/planetem.xyz\/en\/wp-json\/wp\/v2\/pages"}],"about":[{"href":"https:\/\/planetem.xyz\/en\/wp-json\/wp\/v2\/types\/page"}],"author":[{"embeddable":true,"href":"https:\/\/planetem.xyz\/en\/wp-json\/wp\/v2\/users\/1"}],"replies":[{"embeddable":true,"href":"https:\/\/planetem.xyz\/en\/wp-json\/wp\/v2\/comments?post=1799"}],"version-history":[{"count":0,"href":"https:\/\/planetem.xyz\/en\/wp-json\/wp\/v2\/pages\/1799\/revisions"}],"wp:attachment":[{"href":"https:\/\/planetem.xyz\/en\/wp-json\/wp\/v2\/media?parent=1799"}],"curies":[{"name":"wp","href":"https:\/\/api.w.org\/{rel}","templated":true}]}}