{"id":2968,"date":"2025-11-11T14:27:22","date_gmt":"2025-11-11T14:27:22","guid":{"rendered":"https:\/\/planetem.xyz\/?page_id=2968"},"modified":"2025-11-13T19:30:38","modified_gmt":"2025-11-13T19:30:38","slug":"ppr-bf","status":"publish","type":"page","link":"https:\/\/planetem.xyz\/en\/ppr-bf\/","title":{"rendered":"Promotions du programme RPP"},"content":{"rendered":"<p>[et_pb_section fb_built=\u00a0\u00bb1&Prime; _builder_version=\u00a0\u00bb4.27.4&Prime; _module_preset=\u00a0\u00bbdefault\u00a0\u00bb global_colors_info=\u00a0\u00bb{}\u00a0\u00bb][et_pb_row _builder_version=\u00a0\u00bb4.27.4&Prime; _module_preset=\u00a0\u00bbdefault\u00a0\u00bb global_colors_info=\u00a0\u00bb{}\u00a0\u00bb][et_pb_column type=\u00a0\u00bb4_4&Prime; _builder_version=\u00a0\u00bb4.27.4&Prime; _module_preset=\u00a0\u00bbdefault\u00a0\u00bb global_colors_info=\u00a0\u00bb{}\u00a0\u00bb][et_pb_text _builder_version=\u00a0\u00bb4.27.4&Prime; _module_preset=\u00a0\u00bbdefault\u00a0\u00bb text_font=\u00a0\u00bbMontserrat|700|||||||\u00a0\u00bb text_text_color=\u00a0\u00bb#000000&Prime; text_font_size=\u00a0\u00bb4em\u00a0\u00bb text_line_height=\u00a0\u00bb1.1em\u00a0\u00bb text_orientation=\u00a0\u00bbcenter\u00a0\u00bb animation_style=\u00a0\u00bbslide\u00a0\u00bb animation_intensity_slide=\u00a0\u00bb20%\u00a0\u00bb text_font_size_tablet=\u00a0\u00bb3.5em\u00a0\u00bb text_font_size_phone=\u00a0\u00bb3.5em\u00a0\u00bb text_font_size_last_edited=\u00a0\u00bbon|phone\u00a0\u00bb text_orientation_tablet=\u00a0\u00bbcenter\u00a0\u00bb text_orientation_phone=\u00a0\u00bbcenter\u00a0\u00bb text_orientation_last_edited=\u00a0\u00bbon|tablet\u00a0\u00bb global_colors_info=\u00a0\u00bb{}\u00a0\u00bb]<\/p>\n<p><span style=\"color: #ff0000;\">Programme privil\u00e8ge<\/span> de Rogers<\/p>\n<p>[\/et_pb_text][et_pb_image src=\u00a0\u00bbhttps:\/\/planetem.xyz\/wp-content\/uploads\/2025\/11\/Header_Black_Friday_2023-1024&#215;350-1.jpg\u00a0\u00bb title_text=\u00a0\u00bbHeader_Black_Friday_2023-1024&#215;350&Prime; align=\u00a0\u00bbcenter\u00a0\u00bb _builder_version=\u00a0\u00bb4.27.4&Prime; _module_preset=\u00a0\u00bbdefault\u00a0\u00bb global_colors_info=\u00a0\u00bb{}\u00a0\u00bb][\/et_pb_image][\/et_pb_column][\/et_pb_row][et_pb_row _builder_version=\u00a0\u00bb4.27.4&Prime; _module_preset=\u00a0\u00bbdefault\u00a0\u00bb global_colors_info=\u00a0\u00bb{}\u00a0\u00bb][et_pb_column type=\u00a0\u00bb4_4&Prime; _builder_version=\u00a0\u00bb4.27.4&Prime; _module_preset=\u00a0\u00bbdefault\u00a0\u00bb global_colors_info=\u00a0\u00bb{}\u00a0\u00bb][et_pb_button button_url=\u00a0\u00bbhttps:\/\/planetem.xyz\/corporate-offer-idv\u00a0\u00bb button_text=\u00a0\u00bbv\u00e9rifiez votre \u00e9ligibilit\u00e9\u00a0\u00bb button_alignment=\u00a0\u00bbcenter\u00a0\u00bb _builder_version=\u00a0\u00bb4.27.4&Prime; _module_preset=\u00a0\u00bbdefault\u00a0\u00bb custom_button=\u00a0\u00bbon\u00a0\u00bb button_text_color=\u00a0\u00bb#E02B20&Prime; button_bg_color=\u00a0\u00bbRGBA(255,255,255,0)\u00a0\u00bb button_border_width=\u00a0\u00bb1px\u00a0\u00bb button_border_color=\u00a0\u00bb#E02B20&Prime; button_border_radius=\u00a0\u00bb25px\u00a0\u00bb button_font=\u00a0\u00bbMontserrat|||on|||||\u00a0\u00bb hover_enabled=\u00a0\u00bb0&Prime; global_colors_info=\u00a0\u00bb{}\u00a0\u00bb sticky_enabled=\u00a0\u00bb0&Prime;][\/et_pb_button][\/et_pb_column][\/et_pb_row][\/et_pb_section]<\/p>\n","protected":false},"excerpt":{"rendered":"<p>Programme privil\u00e8ge de Rogers<\/p>","protected":false},"author":1,"featured_media":0,"parent":0,"menu_order":0,"comment_status":"closed","ping_status":"closed","template":"","meta":{"_et_pb_use_builder":"on","_et_pb_old_content":"<!-- wp:divi\/placeholder \/-->","_et_gb_content_width":"","_monsterinsights_skip_tracking":false,"_monsterinsights_sitenote_active":false,"_monsterinsights_sitenote_note":"","_monsterinsights_sitenote_category":0,"footnotes":""},"class_list":["post-2968","page","type-page","status-publish","hentry"],"yoast_head":"<!-- This site is optimized with the Yoast SEO plugin v27.0 - https:\/\/yoast.com\/product\/yoast-seo-wordpress\/ -->\n<title>Promotions du programme RPP - Plan\u00e8te Mobile<\/title>\n<meta name=\"robots\" content=\"index, follow, max-snippet:-1, max-image-preview:large, max-video-preview:-1\" \/>\n<link rel=\"canonical\" href=\"https:\/\/planetem.xyz\/en\/ppr-bf\/\" \/>\n<meta property=\"og:locale\" content=\"en_US\" \/>\n<meta property=\"og:type\" content=\"article\" \/>\n<meta property=\"og:title\" content=\"Promotions du programme RPP - Plan\u00e8te Mobile\" \/>\n<meta property=\"og:description\" content=\"Programme privil\u00e8ge de Rogers\" \/>\n<meta property=\"og:url\" content=\"https:\/\/planetem.xyz\/en\/ppr-bf\/\" \/>\n<meta property=\"og:site_name\" content=\"Plan\u00e8te Mobile\" \/>\n<meta property=\"article:publisher\" content=\"https:\/\/www.facebook.com\/planetemobilevalleyfield\/\" \/>\n<meta property=\"article:modified_time\" content=\"2025-11-13T19:30:38+00:00\" \/>\n<meta name=\"twitter:card\" content=\"summary_large_image\" \/>\n<meta name=\"twitter:label1\" content=\"Est. reading time\" \/>\n\t<meta name=\"twitter:data1\" content=\"1 minute\" \/>\n<script type=\"application\/ld+json\" class=\"yoast-schema-graph\">{\"@context\":\"https:\/\/schema.org\",\"@graph\":[{\"@type\":\"WebPage\",\"@id\":\"https:\/\/planetem.xyz\/en\/ppr-bf\/\",\"url\":\"https:\/\/planetem.xyz\/en\/ppr-bf\/\",\"name\":\"Promotions du programme RPP - Plan\u00e8te Mobile\",\"isPartOf\":{\"@id\":\"https:\/\/planetem.xyz\/en\/#website\"},\"datePublished\":\"2025-11-11T14:27:22+00:00\",\"dateModified\":\"2025-11-13T19:30:38+00:00\",\"breadcrumb\":{\"@id\":\"https:\/\/planetem.xyz\/en\/ppr-bf\/#breadcrumb\"},\"inLanguage\":\"en-CA\",\"potentialAction\":[{\"@type\":\"ReadAction\",\"target\":[\"https:\/\/planetem.xyz\/en\/ppr-bf\/\"]}]},{\"@type\":\"BreadcrumbList\",\"@id\":\"https:\/\/planetem.xyz\/en\/ppr-bf\/#breadcrumb\",\"itemListElement\":[{\"@type\":\"ListItem\",\"position\":1,\"name\":\"Home\",\"item\":\"https:\/\/planetem.xyz\/en\/\"},{\"@type\":\"ListItem\",\"position\":2,\"name\":\"Promotions du programme RPP\"}]},{\"@type\":\"WebSite\",\"@id\":\"https:\/\/planetem.xyz\/en\/#website\",\"url\":\"https:\/\/planetem.xyz\/en\/\",\"name\":\"Plan\u00e8te Mobile\",\"description\":\"\",\"publisher\":{\"@id\":\"https:\/\/planetem.xyz\/en\/#organization\"},\"potentialAction\":[{\"@type\":\"SearchAction\",\"target\":{\"@type\":\"EntryPoint\",\"urlTemplate\":\"https:\/\/planetem.xyz\/en\/?s={search_term_string}\"},\"query-input\":{\"@type\":\"PropertyValueSpecification\",\"valueRequired\":true,\"valueName\":\"search_term_string\"}}],\"inLanguage\":\"en-CA\"},{\"@type\":\"Organization\",\"@id\":\"https:\/\/planetem.xyz\/en\/#organization\",\"name\":\"Plan\u00e8te Mobile\",\"url\":\"https:\/\/planetem.xyz\/en\/\",\"logo\":{\"@type\":\"ImageObject\",\"inLanguage\":\"en-CA\",\"@id\":\"https:\/\/planetem.xyz\/en\/#\/schema\/logo\/image\/\",\"url\":\"https:\/\/planetem.xyz\/wp-content\/uploads\/2025\/10\/03365e817054f8dfebbdb30d3518373bdd149346.png\",\"contentUrl\":\"https:\/\/planetem.xyz\/wp-content\/uploads\/2025\/10\/03365e817054f8dfebbdb30d3518373bdd149346.png\",\"width\":1800,\"height\":900,\"caption\":\"Plan\u00e8te Mobile\"},\"image\":{\"@id\":\"https:\/\/planetem.xyz\/en\/#\/schema\/logo\/image\/\"},\"sameAs\":[\"https:\/\/www.facebook.com\/planetemobilevalleyfield\/\",\"https:\/\/www.linkedin.com\/company\/1627281\/admin\/\"]}]}<\/script>\n<!-- \/ Yoast SEO plugin. -->","yoast_head_json":{"title":"Promotions du programme RPP - Plan\u00e8te Mobile","robots":{"index":"index","follow":"follow","max-snippet":"max-snippet:-1","max-image-preview":"max-image-preview:large","max-video-preview":"max-video-preview:-1"},"canonical":"https:\/\/planetem.xyz\/en\/ppr-bf\/","og_locale":"en_US","og_type":"article","og_title":"Promotions du programme RPP - Plan\u00e8te Mobile","og_description":"Programme privil\u00e8ge de Rogers","og_url":"https:\/\/planetem.xyz\/en\/ppr-bf\/","og_site_name":"Plan\u00e8te Mobile","article_publisher":"https:\/\/www.facebook.com\/planetemobilevalleyfield\/","article_modified_time":"2025-11-13T19:30:38+00:00","twitter_card":"summary_large_image","twitter_misc":{"Est. reading time":"1 minute"},"schema":{"@context":"https:\/\/schema.org","@graph":[{"@type":"WebPage","@id":"https:\/\/planetem.xyz\/en\/ppr-bf\/","url":"https:\/\/planetem.xyz\/en\/ppr-bf\/","name":"Promotions du programme RPP - Plan\u00e8te Mobile","isPartOf":{"@id":"https:\/\/planetem.xyz\/en\/#website"},"datePublished":"2025-11-11T14:27:22+00:00","dateModified":"2025-11-13T19:30:38+00:00","breadcrumb":{"@id":"https:\/\/planetem.xyz\/en\/ppr-bf\/#breadcrumb"},"inLanguage":"en-CA","potentialAction":[{"@type":"ReadAction","target":["https:\/\/planetem.xyz\/en\/ppr-bf\/"]}]},{"@type":"BreadcrumbList","@id":"https:\/\/planetem.xyz\/en\/ppr-bf\/#breadcrumb","itemListElement":[{"@type":"ListItem","position":1,"name":"Home","item":"https:\/\/planetem.xyz\/en\/"},{"@type":"ListItem","position":2,"name":"Promotions du programme RPP"}]},{"@type":"WebSite","@id":"https:\/\/planetem.xyz\/en\/#website","url":"https:\/\/planetem.xyz\/en\/","name":"Plan\u00e8te Mobile","description":"","publisher":{"@id":"https:\/\/planetem.xyz\/en\/#organization"},"potentialAction":[{"@type":"SearchAction","target":{"@type":"EntryPoint","urlTemplate":"https:\/\/planetem.xyz\/en\/?s={search_term_string}"},"query-input":{"@type":"PropertyValueSpecification","valueRequired":true,"valueName":"search_term_string"}}],"inLanguage":"en-CA"},{"@type":"Organization","@id":"https:\/\/planetem.xyz\/en\/#organization","name":"Plan\u00e8te Mobile","url":"https:\/\/planetem.xyz\/en\/","logo":{"@type":"ImageObject","inLanguage":"en-CA","@id":"https:\/\/planetem.xyz\/en\/#\/schema\/logo\/image\/","url":"https:\/\/planetem.xyz\/wp-content\/uploads\/2025\/10\/03365e817054f8dfebbdb30d3518373bdd149346.png","contentUrl":"https:\/\/planetem.xyz\/wp-content\/uploads\/2025\/10\/03365e817054f8dfebbdb30d3518373bdd149346.png","width":1800,"height":900,"caption":"Plan\u00e8te Mobile"},"image":{"@id":"https:\/\/planetem.xyz\/en\/#\/schema\/logo\/image\/"},"sameAs":["https:\/\/www.facebook.com\/planetemobilevalleyfield\/","https:\/\/www.linkedin.com\/company\/1627281\/admin\/"]}]}},"_links":{"self":[{"href":"https:\/\/planetem.xyz\/en\/wp-json\/wp\/v2\/pages\/2968","targetHints":{"allow":["GET"]}}],"collection":[{"href":"https:\/\/planetem.xyz\/en\/wp-json\/wp\/v2\/pages"}],"about":[{"href":"https:\/\/planetem.xyz\/en\/wp-json\/wp\/v2\/types\/page"}],"author":[{"embeddable":true,"href":"https:\/\/planetem.xyz\/en\/wp-json\/wp\/v2\/users\/1"}],"replies":[{"embeddable":true,"href":"https:\/\/planetem.xyz\/en\/wp-json\/wp\/v2\/comments?post=2968"}],"version-history":[{"count":0,"href":"https:\/\/planetem.xyz\/en\/wp-json\/wp\/v2\/pages\/2968\/revisions"}],"wp:attachment":[{"href":"https:\/\/planetem.xyz\/en\/wp-json\/wp\/v2\/media?parent=2968"}],"curies":[{"name":"wp","href":"https:\/\/api.w.org\/{rel}","templated":true}]}}