{"id":4524,"date":"2026-01-22T14:01:17","date_gmt":"2026-01-22T19:01:17","guid":{"rendered":"https:\/\/planetem.xyz\/?page_id=4524"},"modified":"2026-01-22T14:03:57","modified_gmt":"2026-01-22T19:03:57","slug":"rogers-saguenay","status":"publish","type":"page","link":"https:\/\/planetem.xyz\/en\/rogers-saguenay\/","title":{"rendered":"saguenay"},"content":{"rendered":"<p>[et_pb_section fb_built=\u00a0\u00bb1&Prime; theme_builder_area=\u00a0\u00bbpost_content\u00a0\u00bb _builder_version=\u00a0\u00bb4.27.4&Prime; _module_preset=\u00a0\u00bbdefault\u00a0\u00bb][et_pb_row _builder_version=\u00a0\u00bb4.27.4&Prime; _module_preset=\u00a0\u00bbdefault\u00a0\u00bb hover_enabled=\u00a0\u00bb0&Prime; locked=\u00a0\u00bboff\u00a0\u00bb global_colors_info=\u00a0\u00bb{}\u00a0\u00bb theme_builder_area=\u00a0\u00bbpost_content\u00a0\u00bb sticky_enabled=\u00a0\u00bb0&Prime;][et_pb_column type=\u00a0\u00bb4_4&Prime; _builder_version=\u00a0\u00bb4.27.4&Prime; _module_preset=\u00a0\u00bbdefault\u00a0\u00bb global_colors_info=\u00a0\u00bb{}\u00a0\u00bb theme_builder_area=\u00a0\u00bbpost_content\u00a0\u00bb][et_pb_accordion open_toggle_text_color=\u00a0\u00bb#FFFFFF\u00a0\u00bb closed_toggle_text_color=\u00a0\u00bb#FFFFFF\u00a0\u00bb toggle_icon=\u00a0\u00bb&#xf078;||fa||900&Prime; icon_color=\u00a0\u00bb#FFFFFF\u00a0\u00bb _builder_version=\u00a0\u00bb4.27.4&Prime; _module_preset=\u00a0\u00bbdefault\u00a0\u00bb toggle_text_color=\u00a0\u00bb#FFFFFF\u00a0\u00bb body_font=\u00a0\u00bbMontserrat||||||||\u00a0\u00bb body_text_color=\u00a0\u00bb#FFFFFF\u00a0\u00bb custom_padding=\u00a0\u00bb0px||||false|false\u00a0\u00bb hover_enabled=\u00a0\u00bb0&Prime; border_radii=\u00a0\u00bbon|15px|15px|15px|15px\u00a0\u00bb border_color_all=\u00a0\u00bb#FFFFFF\u00a0\u00bb locked=\u00a0\u00bboff\u00a0\u00bb global_colors_info=\u00a0\u00bb{}\u00a0\u00bb theme_builder_area=\u00a0\u00bbpost_content\u00a0\u00bb sticky_enabled=\u00a0\u00bb0&Prime;][et_pb_accordion_item title=\u00a0\u00bbROGERS PLACE DU SAGUENAY &#8211; BOUL. UNIVERSIT\u00c9\u00a0\u00bb open=\u00a0\u00bbon\u00a0\u00bb open_toggle_text_color=\u00a0\u00bb#FFFFFF\u00a0\u00bb _builder_version=\u00a0\u00bb4.27.4&Prime; _module_preset=\u00a0\u00bbdefault\u00a0\u00bb use_background_color_gradient=\u00a0\u00bbon\u00a0\u00bb background_color_gradient_direction=\u00a0\u00bb90deg\u00a0\u00bb background_color_gradient_stops=\u00a0\u00bb#dc291e 0%|#73203e 100%\u00a0\u00bb text_orientation=\u00a0\u00bbcenter\u00a0\u00bb hover_enabled=\u00a0\u00bb0&Prime; global_colors_info=\u00a0\u00bb{}\u00a0\u00bb toggle_font=\u00a0\u00bbMontserrat||||||||\u00a0\u00bb toggle_font_size=\u00a0\u00bb20px\u00a0\u00bb theme_builder_area=\u00a0\u00bbpost_content\u00a0\u00bb sticky_enabled=\u00a0\u00bb0&Prime;][\/et_pb_accordion_item][et_pb_accordion_item _builder_version=\u00a0\u00bb4.27.4&Prime; _module_preset=\u00a0\u00bbdefault\u00a0\u00bb use_background_color_gradient=\u00a0\u00bbon\u00a0\u00bb background_color_gradient_direction=\u00a0\u00bb90deg\u00a0\u00bb background_color_gradient_stops=\u00a0\u00bb#dc291e 0%|#73203e 100%\u00a0\u00bb hover_enabled=\u00a0\u00bb0&Prime; global_colors_info=\u00a0\u00bb{}\u00a0\u00bb open=\u00a0\u00bboff\u00a0\u00bb theme_builder_area=\u00a0\u00bbpost_content\u00a0\u00bb sticky_enabled=\u00a0\u00bb0&Prime;]<\/p>\n<p><strong>1324, Boul. Talbot, #361 <\/strong><br \/><strong>Chicoutimi, QC. G7H 4B8<\/strong><br \/>Concessionnaire autoris\u00e9 Rogers<\/p>\n<p><strong>418 690-0535\u2028<\/strong><br \/><strong>Sans frais : 1 800 522-0535<\/strong><\/p>\n<p><span style=\"text-decoration: underline;\">Heures d&rsquo;ouverture<\/span><\/p>\n<p>Lundi au mercredi\u202810h30 \u00e0 17h30<\/p>\n<p>Jeudi et vendredi\u20289h30 \u00e0 17h30<\/p>\n<p>Samedi 10h30 \u00e0 17h00<\/p>\n<p>Dimanche 12h00 \u00e0 16h00<\/p>\n<p>[\/et_pb_accordion_item][\/et_pb_accordion][\/et_pb_column][\/et_pb_row][et_pb_row _builder_version=\u00a0\u00bb4.27.4&Prime; _module_preset=\u00a0\u00bbdefault\u00a0\u00bb locked=\u00a0\u00bboff\u00a0\u00bb global_colors_info=\u00a0\u00bb{}\u00a0\u00bb theme_builder_area=\u00a0\u00bbpost_content\u00a0\u00bb][et_pb_column type=\u00a0\u00bb4_4&Prime; _builder_version=\u00a0\u00bb4.27.4&Prime; _module_preset=\u00a0\u00bbdefault\u00a0\u00bb global_colors_info=\u00a0\u00bb{}\u00a0\u00bb theme_builder_area=\u00a0\u00bbpost_content\u00a0\u00bb][et_pb_code _builder_version=\u00a0\u00bb4.27.4&Prime; _module_preset=\u00a0\u00bbdefault\u00a0\u00bb hover_enabled=\u00a0\u00bb0&Prime; global_colors_info=\u00a0\u00bb{}\u00a0\u00bb theme_builder_area=\u00a0\u00bbpost_content\u00a0\u00bb sticky_enabled=\u00a0\u00bb0&Prime;]<\/p>\n<style><!-- [et_pb_line_break_holder] -->.responsive-map {<!-- [et_pb_line_break_holder] -->  position: relative;<!-- [et_pb_line_break_holder] -->  padding-bottom: 56.25%; \/* 16:9 ratio *\/<!-- [et_pb_line_break_holder] -->  height: 0;<!-- [et_pb_line_break_holder] -->  overflow: hidden;<!-- [et_pb_line_break_holder] -->}<!-- [et_pb_line_break_holder] -->.responsive-map iframe {<!-- [et_pb_line_break_holder] -->  position: absolute;<!-- [et_pb_line_break_holder] -->  top: 0;<!-- [et_pb_line_break_holder] -->  left: 0;<!-- [et_pb_line_break_holder] -->  width: 100%;<!-- [et_pb_line_break_holder] -->  height: 100%;<!-- [et_pb_line_break_holder] -->  border: 0;<!-- [et_pb_line_break_holder] -->}<!-- [et_pb_line_break_holder] --><\/style>\n<p><!-- [et_pb_line_break_holder] --><!-- [et_pb_line_break_holder] --><\/p>\n<div class=\"responsive-map\"><!-- [et_pb_line_break_holder] -->  <iframe data-src=\"https:\/\/www.google.com\/maps\/embed?pb=!1m18!1m12!1m3!1d2648.587973285432!2d-71.06092218785327!3d48.40685523225628!2m3!1f0!2f0!3f0!3m2!1i1024!2i768!4f13.1!3m3!1m2!1s0x4cc021f8ea56d91b%3A0x4541b5e5c1962007!2sFido%20(Available%20in%20the%20Rogers%20store)!5e0!3m2!1sen!2sca!4v1769108616207!5m2!1sen!2sca\" width=\"600\" height=\"450\" style=\"border:0;\" allowfullscreen=\"\" referrerpolicy=\"no-referrer-when-downgrade\" src=\"data:image\/svg+xml;base64,PHN2ZyB3aWR0aD0iMSIgaGVpZ2h0PSIxIiB4bWxucz0iaHR0cDovL3d3dy53My5vcmcvMjAwMC9zdmciPjwvc3ZnPg==\" class=\"lazyload\" data-load-mode=\"1\"><\/iframe><!-- [et_pb_line_break_holder] --><\/div>\n<p><!-- [et_pb_line_break_holder] -->[\/et_pb_code][\/et_pb_column][\/et_pb_row][et_pb_row _builder_version=\u00a0\u00bb4.27.4&Prime; _module_preset=\u00a0\u00bbdefault\u00a0\u00bb locked=\u00a0\u00bboff\u00a0\u00bb global_colors_info=\u00a0\u00bb{}\u00a0\u00bb theme_builder_area=\u00a0\u00bbpost_content\u00a0\u00bb][et_pb_column type=\u00a0\u00bb4_4&Prime; _builder_version=\u00a0\u00bb4.27.4&Prime; _module_preset=\u00a0\u00bbdefault\u00a0\u00bb global_colors_info=\u00a0\u00bb{}\u00a0\u00bb theme_builder_area=\u00a0\u00bbpost_content\u00a0\u00bb][et_pb_button button_url=\u00a0\u00bbhttps:\/\/planetem.xyz\/promotions-grand-public\/\u00a0\u00bb button_text=\u00a0\u00bbvoir nos promotions\u00a0\u00bb button_alignment=\u00a0\u00bbcenter\u00a0\u00bb _builder_version=\u00a0\u00bb4.27.4&Prime; _module_preset=\u00a0\u00bbdefault\u00a0\u00bb custom_button=\u00a0\u00bbon\u00a0\u00bb button_text_color=\u00a0\u00bb#E02B20&Prime; button_bg_color=\u00a0\u00bbRGBA(255,255,255,0)\u00a0\u00bb button_border_width=\u00a0\u00bb1px\u00a0\u00bb button_border_color=\u00a0\u00bb#E02B20&Prime; button_border_radius=\u00a0\u00bb25px\u00a0\u00bb button_font=\u00a0\u00bbMontserrat|||on|||||\u00a0\u00bb locked=\u00a0\u00bboff\u00a0\u00bb global_colors_info=\u00a0\u00bb{}\u00a0\u00bb theme_builder_area=\u00a0\u00bbpost_content\u00a0\u00bb][\/et_pb_button][\/et_pb_column][\/et_pb_row][\/et_pb_section]<\/p>\n","protected":false},"excerpt":{"rendered":"<p>1324, Boul. Talbot, #361 Chicoutimi, QC. G7H 4B8Concessionnaire autoris\u00e9 Rogers 418 690-0535\u2028Sans frais : 1 800 522-0535 Heures d&rsquo;ouverture Lundi au mercredi\u202810h30 \u00e0 17h30 Jeudi et vendredi\u20289h30 \u00e0 17h30 Samedi 10h30 \u00e0 17h00 Dimanche 12h00 \u00e0 16h00<\/p>","protected":false},"author":1,"featured_media":0,"parent":0,"menu_order":0,"comment_status":"closed","ping_status":"closed","template":"","meta":{"_et_pb_use_builder":"on","_et_pb_old_content":"","_et_gb_content_width":"","_monsterinsights_skip_tracking":false,"_monsterinsights_sitenote_active":false,"_monsterinsights_sitenote_note":"","_monsterinsights_sitenote_category":0,"footnotes":""},"class_list":["post-4524","page","type-page","status-publish","hentry"],"yoast_head":"<!-- This site is optimized with the Yoast SEO plugin v27.0 - https:\/\/yoast.com\/product\/yoast-seo-wordpress\/ -->\n<title>saguenay - Plan\u00e8te Mobile<\/title>\n<meta name=\"robots\" content=\"index, follow, max-snippet:-1, max-image-preview:large, max-video-preview:-1\" \/>\n<link rel=\"canonical\" href=\"https:\/\/planetem.xyz\/en\/rogers-saguenay\/\" \/>\n<meta property=\"og:locale\" content=\"en_US\" \/>\n<meta property=\"og:type\" content=\"article\" \/>\n<meta property=\"og:title\" content=\"saguenay - Plan\u00e8te Mobile\" \/>\n<meta property=\"og:description\" content=\"1324, Boul. Talbot, #361 Chicoutimi, QC. G7H 4B8Concessionnaire autoris\u00e9 Rogers 418 690-0535\u2028Sans frais : 1 800 522-0535 Heures d&#039;ouverture Lundi au mercredi\u202810h30 \u00e0 17h30 Jeudi et vendredi\u20289h30 \u00e0 17h30 Samedi 10h30 \u00e0 17h00 Dimanche 12h00 \u00e0 16h00\" \/>\n<meta property=\"og:url\" content=\"https:\/\/planetem.xyz\/en\/rogers-saguenay\/\" \/>\n<meta property=\"og:site_name\" content=\"Plan\u00e8te Mobile\" \/>\n<meta property=\"article:publisher\" content=\"https:\/\/www.facebook.com\/planetemobilevalleyfield\/\" \/>\n<meta property=\"article:modified_time\" content=\"2026-01-22T19:03:57+00:00\" \/>\n<meta name=\"twitter:card\" content=\"summary_large_image\" \/>\n<script type=\"application\/ld+json\" class=\"yoast-schema-graph\">{\"@context\":\"https:\/\/schema.org\",\"@graph\":[{\"@type\":\"WebPage\",\"@id\":\"https:\/\/planetem.xyz\/en\/rogers-saguenay\/\",\"url\":\"https:\/\/planetem.xyz\/en\/rogers-saguenay\/\",\"name\":\"saguenay - Plan\u00e8te Mobile\",\"isPartOf\":{\"@id\":\"https:\/\/planetem.xyz\/en\/#website\"},\"datePublished\":\"2026-01-22T19:01:17+00:00\",\"dateModified\":\"2026-01-22T19:03:57+00:00\",\"breadcrumb\":{\"@id\":\"https:\/\/planetem.xyz\/en\/rogers-saguenay\/#breadcrumb\"},\"inLanguage\":\"en-CA\",\"potentialAction\":[{\"@type\":\"ReadAction\",\"target\":[\"https:\/\/planetem.xyz\/en\/rogers-saguenay\/\"]}]},{\"@type\":\"BreadcrumbList\",\"@id\":\"https:\/\/planetem.xyz\/en\/rogers-saguenay\/#breadcrumb\",\"itemListElement\":[{\"@type\":\"ListItem\",\"position\":1,\"name\":\"Home\",\"item\":\"https:\/\/planetem.xyz\/en\/\"},{\"@type\":\"ListItem\",\"position\":2,\"name\":\"saguenay\"}]},{\"@type\":\"WebSite\",\"@id\":\"https:\/\/planetem.xyz\/en\/#website\",\"url\":\"https:\/\/planetem.xyz\/en\/\",\"name\":\"Plan\u00e8te Mobile\",\"description\":\"\",\"publisher\":{\"@id\":\"https:\/\/planetem.xyz\/en\/#organization\"},\"potentialAction\":[{\"@type\":\"SearchAction\",\"target\":{\"@type\":\"EntryPoint\",\"urlTemplate\":\"https:\/\/planetem.xyz\/en\/?s={search_term_string}\"},\"query-input\":{\"@type\":\"PropertyValueSpecification\",\"valueRequired\":true,\"valueName\":\"search_term_string\"}}],\"inLanguage\":\"en-CA\"},{\"@type\":\"Organization\",\"@id\":\"https:\/\/planetem.xyz\/en\/#organization\",\"name\":\"Plan\u00e8te Mobile\",\"url\":\"https:\/\/planetem.xyz\/en\/\",\"logo\":{\"@type\":\"ImageObject\",\"inLanguage\":\"en-CA\",\"@id\":\"https:\/\/planetem.xyz\/en\/#\/schema\/logo\/image\/\",\"url\":\"https:\/\/planetem.xyz\/wp-content\/uploads\/2025\/10\/03365e817054f8dfebbdb30d3518373bdd149346.png\",\"contentUrl\":\"https:\/\/planetem.xyz\/wp-content\/uploads\/2025\/10\/03365e817054f8dfebbdb30d3518373bdd149346.png\",\"width\":1800,\"height\":900,\"caption\":\"Plan\u00e8te Mobile\"},\"image\":{\"@id\":\"https:\/\/planetem.xyz\/en\/#\/schema\/logo\/image\/\"},\"sameAs\":[\"https:\/\/www.facebook.com\/planetemobilevalleyfield\/\",\"https:\/\/www.linkedin.com\/company\/1627281\/admin\/\"]}]}<\/script>\n<!-- \/ Yoast SEO plugin. -->","yoast_head_json":{"title":"saguenay - Plan\u00e8te Mobile","robots":{"index":"index","follow":"follow","max-snippet":"max-snippet:-1","max-image-preview":"max-image-preview:large","max-video-preview":"max-video-preview:-1"},"canonical":"https:\/\/planetem.xyz\/en\/rogers-saguenay\/","og_locale":"en_US","og_type":"article","og_title":"saguenay - Plan\u00e8te Mobile","og_description":"1324, Boul. Talbot, #361 Chicoutimi, QC. G7H 4B8Concessionnaire autoris\u00e9 Rogers 418 690-0535\u2028Sans frais : 1 800 522-0535 Heures d'ouverture Lundi au mercredi\u202810h30 \u00e0 17h30 Jeudi et vendredi\u20289h30 \u00e0 17h30 Samedi 10h30 \u00e0 17h00 Dimanche 12h00 \u00e0 16h00","og_url":"https:\/\/planetem.xyz\/en\/rogers-saguenay\/","og_site_name":"Plan\u00e8te Mobile","article_publisher":"https:\/\/www.facebook.com\/planetemobilevalleyfield\/","article_modified_time":"2026-01-22T19:03:57+00:00","twitter_card":"summary_large_image","schema":{"@context":"https:\/\/schema.org","@graph":[{"@type":"WebPage","@id":"https:\/\/planetem.xyz\/en\/rogers-saguenay\/","url":"https:\/\/planetem.xyz\/en\/rogers-saguenay\/","name":"saguenay - Plan\u00e8te Mobile","isPartOf":{"@id":"https:\/\/planetem.xyz\/en\/#website"},"datePublished":"2026-01-22T19:01:17+00:00","dateModified":"2026-01-22T19:03:57+00:00","breadcrumb":{"@id":"https:\/\/planetem.xyz\/en\/rogers-saguenay\/#breadcrumb"},"inLanguage":"en-CA","potentialAction":[{"@type":"ReadAction","target":["https:\/\/planetem.xyz\/en\/rogers-saguenay\/"]}]},{"@type":"BreadcrumbList","@id":"https:\/\/planetem.xyz\/en\/rogers-saguenay\/#breadcrumb","itemListElement":[{"@type":"ListItem","position":1,"name":"Home","item":"https:\/\/planetem.xyz\/en\/"},{"@type":"ListItem","position":2,"name":"saguenay"}]},{"@type":"WebSite","@id":"https:\/\/planetem.xyz\/en\/#website","url":"https:\/\/planetem.xyz\/en\/","name":"Plan\u00e8te Mobile","description":"","publisher":{"@id":"https:\/\/planetem.xyz\/en\/#organization"},"potentialAction":[{"@type":"SearchAction","target":{"@type":"EntryPoint","urlTemplate":"https:\/\/planetem.xyz\/en\/?s={search_term_string}"},"query-input":{"@type":"PropertyValueSpecification","valueRequired":true,"valueName":"search_term_string"}}],"inLanguage":"en-CA"},{"@type":"Organization","@id":"https:\/\/planetem.xyz\/en\/#organization","name":"Plan\u00e8te Mobile","url":"https:\/\/planetem.xyz\/en\/","logo":{"@type":"ImageObject","inLanguage":"en-CA","@id":"https:\/\/planetem.xyz\/en\/#\/schema\/logo\/image\/","url":"https:\/\/planetem.xyz\/wp-content\/uploads\/2025\/10\/03365e817054f8dfebbdb30d3518373bdd149346.png","contentUrl":"https:\/\/planetem.xyz\/wp-content\/uploads\/2025\/10\/03365e817054f8dfebbdb30d3518373bdd149346.png","width":1800,"height":900,"caption":"Plan\u00e8te Mobile"},"image":{"@id":"https:\/\/planetem.xyz\/en\/#\/schema\/logo\/image\/"},"sameAs":["https:\/\/www.facebook.com\/planetemobilevalleyfield\/","https:\/\/www.linkedin.com\/company\/1627281\/admin\/"]}]}},"_links":{"self":[{"href":"https:\/\/planetem.xyz\/en\/wp-json\/wp\/v2\/pages\/4524","targetHints":{"allow":["GET"]}}],"collection":[{"href":"https:\/\/planetem.xyz\/en\/wp-json\/wp\/v2\/pages"}],"about":[{"href":"https:\/\/planetem.xyz\/en\/wp-json\/wp\/v2\/types\/page"}],"author":[{"embeddable":true,"href":"https:\/\/planetem.xyz\/en\/wp-json\/wp\/v2\/users\/1"}],"replies":[{"embeddable":true,"href":"https:\/\/planetem.xyz\/en\/wp-json\/wp\/v2\/comments?post=4524"}],"version-history":[{"count":3,"href":"https:\/\/planetem.xyz\/en\/wp-json\/wp\/v2\/pages\/4524\/revisions"}],"predecessor-version":[{"id":4528,"href":"https:\/\/planetem.xyz\/en\/wp-json\/wp\/v2\/pages\/4524\/revisions\/4528"}],"wp:attachment":[{"href":"https:\/\/planetem.xyz\/en\/wp-json\/wp\/v2\/media?parent=4524"}],"curies":[{"name":"wp","href":"https:\/\/api.w.org\/{rel}","templated":true}]}}