{"id":85,"date":"2025-09-26T15:41:20","date_gmt":"2025-09-26T15:41:20","guid":{"rendered":"https:\/\/planetem.xyz\/?page_id=85"},"modified":"2025-12-01T15:31:42","modified_gmt":"2025-12-01T15:31:42","slug":"nouvelles","status":"publish","type":"page","link":"https:\/\/planetem.xyz\/en\/nouvelles\/","title":{"rendered":"News"},"content":{"rendered":"<p>[et_pb_section fb_built=\u00a0\u00bb1&Prime; _builder_version=\u00a0\u00bb4.27.4&Prime; _module_preset=\u00a0\u00bbdefault\u00a0\u00bb custom_padding=\u00a0\u00bb||134px|||\u00a0\u00bb locked=\u00a0\u00bboff\u00a0\u00bb global_colors_info=\u00a0\u00bb{}\u00a0\u00bb][et_pb_row column_structure=\u00a0\u00bb1_2,1_2&Prime; _builder_version=\u00a0\u00bb4.27.4&Prime; _module_preset=\u00a0\u00bbdefault\u00a0\u00bb custom_margin=\u00a0\u00bb60px||||false|false\u00a0\u00bb custom_margin_tablet=\u00a0\u00bb-80px||||false|false\u00a0\u00bb custom_margin_phone=\u00a0\u00bb-80px||||false|false\u00a0\u00bb custom_margin_last_edited=\u00a0\u00bbon|desktop\u00a0\u00bb global_colors_info=\u00a0\u00bb{}\u00a0\u00bb][et_pb_column type=\u00a0\u00bb1_2&Prime; _builder_version=\u00a0\u00bb4.27.4&Prime; _module_preset=\u00a0\u00bbdefault\u00a0\u00bb global_colors_info=\u00a0\u00bb{}\u00a0\u00bb][et_pb_text _builder_version=\u00a0\u00bb4.27.4&Prime; _module_preset=\u00a0\u00bbdefault\u00a0\u00bb text_font=\u00a0\u00bbMontserrat|700|||||||\u00a0\u00bb text_text_color=\u00a0\u00bb#dc291e\u00a0\u00bb text_font_size=\u00a0\u00bb2.8rem\u00a0\u00bb text_line_height=\u00a0\u00bb1.1em\u00a0\u00bb custom_margin=\u00a0\u00bb120px||||false|false\u00a0\u00bb custom_margin_tablet=\u00a0\u00bb-140px||||false|false\u00a0\u00bb custom_margin_phone=\u00a0\u00bb-70px||||false|false\u00a0\u00bb custom_margin_last_edited=\u00a0\u00bbon|tablet\u00a0\u00bb animation_style=\u00a0\u00bbslide\u00a0\u00bb animation_duration=\u00a0\u00bb1200ms\u00a0\u00bb animation_delay=\u00a0\u00bb500ms\u00a0\u00bb animation_intensity_slide=\u00a0\u00bb20%\u00a0\u00bb text_font_size_tablet=\u00a0\u00bb5rem\u00a0\u00bb text_font_size_phone=\u00a0\u00bb3rem\u00a0\u00bb text_font_size_last_edited=\u00a0\u00bbon|tablet\u00a0\u00bb text_orientation_tablet=\u00a0\u00bbcenter\u00a0\u00bb text_orientation_phone=\u00a0\u00bbcenter\u00a0\u00bb text_orientation_last_edited=\u00a0\u00bbon|tablet\u00a0\u00bb global_colors_info=\u00a0\u00bb{}\u00a0\u00bb]<\/p>\n<p>Nouvelles<\/p>\n<p>[\/et_pb_text][et_pb_text _builder_version=\u00a0\u00bb4.27.4&Prime; _module_preset=\u00a0\u00bbdefault\u00a0\u00bb text_font=\u00a0\u00bbMontserrat|500|||||||\u00a0\u00bb text_text_color=\u00a0\u00bb#000000&Prime; text_font_size=\u00a0\u00bb1.3em\u00a0\u00bb animation_style=\u00a0\u00bbslide\u00a0\u00bb animation_direction=\u00a0\u00bbbottom\u00a0\u00bb animation_delay=\u00a0\u00bb800ms\u00a0\u00bb animation_intensity_slide=\u00a0\u00bb20%\u00a0\u00bb locked=\u00a0\u00bboff\u00a0\u00bb global_colors_info=\u00a0\u00bb{}\u00a0\u00bb]<\/p>\n<p>Revendeur Rogers et toujours en qu\u00eate de croissance et d\u2019am\u00e9lioration, notre \u00e9quipe soud\u00e9e et engag\u00e9e partage ici les derni\u00e8res actualit\u00e9s, innovations et \u00e9v\u00e9nements. Restez inform\u00e9s et d\u00e9couvrez tout ce qui bouge chez Plan\u00e8te Mobile!<\/p>\n<p>[\/et_pb_text][et_pb_image src=\u00a0\u00bbhttps:\/\/planetem.xyz\/wp-content\/uploads\/2025\/11\/Vector-16.png\u00a0\u00bb title_text=\u00a0\u00bbVector (16)\u00a0\u00bb module_class=\u00a0\u00bbsmooth-section hide-on-mobile-tablet\u00a0\u00bb _builder_version=\u00a0\u00bb4.27.4&Prime; _module_preset=\u00a0\u00bbdefault\u00a0\u00bb positioning=\u00a0\u00bbabsolute\u00a0\u00bb position_origin_a=\u00a0\u00bbbottom_left\u00a0\u00bb width=\u00a0\u00bb55%\u00a0\u00bb custom_margin=\u00a0\u00bb||-192px|-119px|false|false\u00a0\u00bb global_colors_info=\u00a0\u00bb{}\u00a0\u00bb][\/et_pb_image][et_pb_image src=\u00a0\u00bbhttps:\/\/planetem.xyz\/wp-content\/uploads\/2025\/10\/Vector-4.png\u00a0\u00bb title_text=\u00a0\u00bbVector (4)\u00a0\u00bb module_class=\u00a0\u00bbhide-on-mobile-tablet smooth-section\u00a0\u00bb _builder_version=\u00a0\u00bb4.27.4&Prime; _module_preset=\u00a0\u00bbdefault\u00a0\u00bb positioning=\u00a0\u00bbabsolute\u00a0\u00bb vertical_offset=\u00a0\u00bb39px\u00a0\u00bb horizontal_offset=\u00a0\u00bb-115px\u00a0\u00bb width=\u00a0\u00bb61%\u00a0\u00bb min_height=\u00a0\u00bb543px\u00a0\u00bb height=\u00a0\u00bb475px\u00a0\u00bb custom_margin=\u00a0\u00bb-108px||||false|false\u00a0\u00bb global_colors_info=\u00a0\u00bb{}\u00a0\u00bb][\/et_pb_image][\/et_pb_column][et_pb_column type=\u00a0\u00bb1_2&Prime; _builder_version=\u00a0\u00bb4.27.4&Prime; _module_preset=\u00a0\u00bbdefault\u00a0\u00bb global_colors_info=\u00a0\u00bb{}\u00a0\u00bb][et_pb_image src=\u00a0\u00bbhttps:\/\/planetem.xyz\/wp-content\/uploads\/2025\/11\/CM208976-1-1.png\u00a0\u00bb title_text=\u00a0\u00bbCM208976 1 (1)\u00a0\u00bb _builder_version=\u00a0\u00bb4.27.4&Prime; _module_preset=\u00a0\u00bbdefault\u00a0\u00bb width=\u00a0\u00bb120%\u00a0\u00bb width_tablet=\u00a0\u00bb100%\u00a0\u00bb width_phone=\u00a0\u00bb100%\u00a0\u00bb width_last_edited=\u00a0\u00bbon|tablet\u00a0\u00bb max_width=\u00a0\u00bb140%\u00a0\u00bb max_width_tablet=\u00a0\u00bb140%\u00a0\u00bb max_width_phone=\u00a0\u00bb140%\u00a0\u00bb max_width_last_edited=\u00a0\u00bbon|phone\u00a0\u00bb min_height=\u00a0\u00bb522px\u00a0\u00bb min_height_tablet=\u00a0\u00bb522px\u00a0\u00bb min_height_phone=\u00a0\u00bb300px\u00a0\u00bb min_height_last_edited=\u00a0\u00bbon|phone\u00a0\u00bb custom_margin=\u00a0\u00bb||-130px||false|false\u00a0\u00bb animation_style=\u00a0\u00bbslide\u00a0\u00bb animation_direction=\u00a0\u00bbright\u00a0\u00bb animation_delay=\u00a0\u00bb1000ms\u00a0\u00bb animation_intensity_slide=\u00a0\u00bb20%\u00a0\u00bb hover_enabled=\u00a0\u00bb0&Prime; global_colors_info=\u00a0\u00bb{}\u00a0\u00bb sticky_enabled=\u00a0\u00bb0&Prime;][\/et_pb_image][\/et_pb_column][\/et_pb_row][\/et_pb_section][et_pb_section fb_built=\u00a0\u00bb1&Prime; _builder_version=\u00a0\u00bb4.27.4&Prime; _module_preset=\u00a0\u00bbdefault\u00a0\u00bb background_color=\u00a0\u00bbrgba(191,191,191,0.44)\u00a0\u00bb min_height=\u00a0\u00bb498.7px\u00a0\u00bb custom_margin=\u00a0\u00bb-75px||-13px||false|false\u00a0\u00bb global_colors_info=\u00a0\u00bb{}\u00a0\u00bb][et_pb_row column_structure=\u00a0\u00bb1_3,1_3,1_3&Prime; _builder_version=\u00a0\u00bb4.27.4&Prime; _module_preset=\u00a0\u00bbdefault\u00a0\u00bb custom_margin=\u00a0\u00bb65px||||false|false\u00a0\u00bb global_colors_info=\u00a0\u00bb{}\u00a0\u00bb][et_pb_column type=\u00a0\u00bb1_3&Prime; _builder_version=\u00a0\u00bb4.27.4&Prime; _module_preset=\u00a0\u00bbdefault\u00a0\u00bb global_colors_info=\u00a0\u00bb{}\u00a0\u00bb][et_pb_image src=\u00a0\u00bbhttps:\/\/planetem.xyz\/wp-content\/uploads\/2025\/11\/Nouvelle_image-1.png\u00a0\u00bb title_text=\u00a0\u00bbNouvelle_image 1&Prime; align_tablet=\u00a0\u00bbcenter\u00a0\u00bb align_phone=\u00a0\u00bbcenter\u00a0\u00bb align_last_edited=\u00a0\u00bbon|tablet\u00a0\u00bb _builder_version=\u00a0\u00bb4.27.4&Prime; _module_preset=\u00a0\u00bbdefault\u00a0\u00bb animation_style=\u00a0\u00bbslide\u00a0\u00bb animation_direction=\u00a0\u00bbleft\u00a0\u00bb animation_delay=\u00a0\u00bb300ms\u00a0\u00bb animation_intensity_slide=\u00a0\u00bb20%\u00a0\u00bb global_colors_info=\u00a0\u00bb{}\u00a0\u00bb][\/et_pb_image][et_pb_text _builder_version=\u00a0\u00bb4.27.4&Prime; _module_preset=\u00a0\u00bbdefault\u00a0\u00bb text_font=\u00a0\u00bbMontserrat|700|||||||\u00a0\u00bb text_text_color=\u00a0\u00bb#000000&Prime; text_font_size=\u00a0\u00bb16px\u00a0\u00bb animation_style=\u00a0\u00bbslide\u00a0\u00bb animation_direction=\u00a0\u00bbleft\u00a0\u00bb animation_delay=\u00a0\u00bb400ms\u00a0\u00bb animation_intensity_slide=\u00a0\u00bb20%\u00a0\u00bb text_orientation_tablet=\u00a0\u00bbcenter\u00a0\u00bb text_orientation_phone=\u00a0\u00bbcenter\u00a0\u00bb text_orientation_last_edited=\u00a0\u00bbon|tablet\u00a0\u00bb global_colors_info=\u00a0\u00bb{}\u00a0\u00bb]<\/p>\n<p>Un nouveau look pour Plan\u00e8te Mobile en 2025<\/p>\n<p>[\/et_pb_text][\/et_pb_column][et_pb_column type=\u00a0\u00bb1_3&Prime; _builder_version=\u00a0\u00bb4.27.4&Prime; _module_preset=\u00a0\u00bbdefault\u00a0\u00bb global_colors_info=\u00a0\u00bb{}\u00a0\u00bb][et_pb_image src=\u00a0\u00bbhttps:\/\/planetem.xyz\/wp-content\/uploads\/2025\/11\/CM208970-1-1.png\u00a0\u00bb title_text=\u00a0\u00bbCM208970 1 (1)\u00a0\u00bb align_tablet=\u00a0\u00bbcenter\u00a0\u00bb align_phone=\u00a0\u00bbcenter\u00a0\u00bb align_last_edited=\u00a0\u00bbon|tablet\u00a0\u00bb _builder_version=\u00a0\u00bb4.27.4&Prime; _module_preset=\u00a0\u00bbdefault\u00a0\u00bb animation_style=\u00a0\u00bbslide\u00a0\u00bb animation_delay=\u00a0\u00bb600ms\u00a0\u00bb animation_intensity_slide=\u00a0\u00bb20%\u00a0\u00bb global_colors_info=\u00a0\u00bb{}\u00a0\u00bb][\/et_pb_image][et_pb_text _builder_version=\u00a0\u00bb4.27.4&Prime; _module_preset=\u00a0\u00bbdefault\u00a0\u00bb text_font=\u00a0\u00bbMontserrat|700|||||||\u00a0\u00bb text_text_color=\u00a0\u00bb#000000&Prime; text_font_size=\u00a0\u00bb16px\u00a0\u00bb animation_style=\u00a0\u00bbslide\u00a0\u00bb animation_delay=\u00a0\u00bb700ms\u00a0\u00bb animation_intensity_slide=\u00a0\u00bb20%\u00a0\u00bb text_orientation_tablet=\u00a0\u00bbcenter\u00a0\u00bb text_orientation_phone=\u00a0\u00bbcenter\u00a0\u00bb text_orientation_last_edited=\u00a0\u00bbon|tablet\u00a0\u00bb locked=\u00a0\u00bboff\u00a0\u00bb global_colors_info=\u00a0\u00bb{}\u00a0\u00bb]<\/p>\n<p>Plan\u00e8te Mobile fait l&rsquo;acquisition de M\u00e9ga-Sat\u200b de Qu\u00e9bec<\/p>\n<p>[\/et_pb_text][et_pb_button button_url=\u00a0\u00bbhttps:\/\/planetem.xyz\/acquisition-de-mega-sat\/\u00a0\u00bb url_new_window=\u00a0\u00bbon\u00a0\u00bb button_text=\u00a0\u00bben savoir plus\u00a0\u00bb button_alignment_tablet=\u00a0\u00bbcenter\u00a0\u00bb button_alignment_phone=\u00a0\u00bbcenter\u00a0\u00bb button_alignment_last_edited=\u00a0\u00bbon|tablet\u00a0\u00bb _builder_version=\u00a0\u00bb4.27.4&Prime; _module_preset=\u00a0\u00bbdefault\u00a0\u00bb custom_button=\u00a0\u00bbon\u00a0\u00bb button_text_size=\u00a0\u00bb17px\u00a0\u00bb button_text_color=\u00a0\u00bb#000000&Prime; button_bg_color=\u00a0\u00bbRGBA(255,255,255,0)\u00a0\u00bb button_border_width=\u00a0\u00bb0px\u00a0\u00bb button_font=\u00a0\u00bbMontserrat|500||on|||||\u00a0\u00bb button_on_hover=\u00a0\u00bboff\u00a0\u00bb custom_margin=\u00a0\u00bb|||-14px|false|false\u00a0\u00bb animation_style=\u00a0\u00bbslide\u00a0\u00bb animation_delay=\u00a0\u00bb800ms\u00a0\u00bb animation_intensity_slide=\u00a0\u00bb20%\u00a0\u00bb locked=\u00a0\u00bboff\u00a0\u00bb global_colors_info=\u00a0\u00bb{}\u00a0\u00bb][\/et_pb_button][\/et_pb_column][et_pb_column type=\u00a0\u00bb1_3&Prime; _builder_version=\u00a0\u00bb4.27.4&Prime; _module_preset=\u00a0\u00bbdefault\u00a0\u00bb global_colors_info=\u00a0\u00bb{}\u00a0\u00bb][et_pb_image src=\u00a0\u00bbhttps:\/\/planetem.xyz\/wp-content\/uploads\/2025\/11\/Frame-48-3.png\u00a0\u00bb title_text=\u00a0\u00bbFrame 48 (3)\u00a0\u00bb align_tablet=\u00a0\u00bbcenter\u00a0\u00bb align_phone=\u00a0\u00bbcenter\u00a0\u00bb align_last_edited=\u00a0\u00bbon|tablet\u00a0\u00bb _builder_version=\u00a0\u00bb4.27.4&Prime; _module_preset=\u00a0\u00bbdefault\u00a0\u00bb animation_style=\u00a0\u00bbslide\u00a0\u00bb animation_direction=\u00a0\u00bbright\u00a0\u00bb animation_delay=\u00a0\u00bb900ms\u00a0\u00bb animation_intensity_slide=\u00a0\u00bb20%\u00a0\u00bb global_colors_info=\u00a0\u00bb{}\u00a0\u00bb][\/et_pb_image][et_pb_text _builder_version=\u00a0\u00bb4.27.4&Prime; _module_preset=\u00a0\u00bbdefault\u00a0\u00bb text_font=\u00a0\u00bbMontserrat|700|||||||\u00a0\u00bb text_text_color=\u00a0\u00bb#000000&Prime; text_font_size=\u00a0\u00bb16px\u00a0\u00bb animation_style=\u00a0\u00bbslide\u00a0\u00bb animation_direction=\u00a0\u00bbright\u00a0\u00bb animation_delay=\u00a0\u00bb1000ms\u00a0\u00bb animation_intensity_slide=\u00a0\u00bb20%\u00a0\u00bb text_orientation_tablet=\u00a0\u00bbcenter\u00a0\u00bb text_orientation_phone=\u00a0\u00bbcenter\u00a0\u00bb text_orientation_last_edited=\u00a0\u00bbon|tablet\u00a0\u00bb locked=\u00a0\u00bboff\u00a0\u00bb global_colors_info=\u00a0\u00bb{}\u00a0\u00bb]<\/p>\n<p>ASC Americas annonce un partenariat avec Plan\u00e8te Mobile Canada<\/p>\n<p>[\/et_pb_text][et_pb_button button_url=\u00a0\u00bbhttps:\/\/planetem.xyz\/asc-americas-annonce-un-partenariat\/\u00a0\u00bb url_new_window=\u00a0\u00bbon\u00a0\u00bb button_text=\u00a0\u00bben savoir plus\u00a0\u00bb button_alignment_tablet=\u00a0\u00bbcenter\u00a0\u00bb button_alignment_phone=\u00a0\u00bbcenter\u00a0\u00bb button_alignment_last_edited=\u00a0\u00bbon|tablet\u00a0\u00bb _builder_version=\u00a0\u00bb4.27.4&Prime; _module_preset=\u00a0\u00bbdefault\u00a0\u00bb custom_button=\u00a0\u00bbon\u00a0\u00bb button_text_size=\u00a0\u00bb17px\u00a0\u00bb button_text_color=\u00a0\u00bb#000000&Prime; button_bg_color=\u00a0\u00bbRGBA(255,255,255,0)\u00a0\u00bb button_border_width=\u00a0\u00bb0px\u00a0\u00bb button_font=\u00a0\u00bbMontserrat|500||on|||||\u00a0\u00bb button_on_hover=\u00a0\u00bboff\u00a0\u00bb custom_margin=\u00a0\u00bb|||-14px|false|false\u00a0\u00bb animation_style=\u00a0\u00bbslide\u00a0\u00bb animation_delay=\u00a0\u00bb1100ms\u00a0\u00bb animation_intensity_slide=\u00a0\u00bb20%\u00a0\u00bb locked=\u00a0\u00bboff\u00a0\u00bb global_colors_info=\u00a0\u00bb{}\u00a0\u00bb][\/et_pb_button][\/et_pb_column][\/et_pb_row][\/et_pb_section]<\/p>\n","protected":false},"excerpt":{"rendered":"<p>NouvellesRevendeur Rogers et toujours en qu\u00eate de croissance et d\u2019am\u00e9lioration, notre \u00e9quipe soud\u00e9e et engag\u00e9e partage ici les derni\u00e8res actualit\u00e9s, innovations et \u00e9v\u00e9nements. Restez inform\u00e9s et d\u00e9couvrez tout ce qui bouge chez Plan\u00e8te Mobile!Un nouveau look pour Plan\u00e8te Mobile en 2025Plan\u00e8te Mobile fait l&rsquo;acquisition de M\u00e9ga-Sat\u200b de Qu\u00e9becASC Americas annonce un partenariat avec Plan\u00e8te Mobile [&hellip;]<\/p>\n","protected":false},"author":1,"featured_media":0,"parent":0,"menu_order":0,"comment_status":"closed","ping_status":"closed","template":"","meta":{"_et_pb_use_builder":"on","_et_pb_old_content":"<!-- wp:divi\/placeholder \/-->","_et_gb_content_width":"","_monsterinsights_skip_tracking":false,"_monsterinsights_sitenote_active":false,"_monsterinsights_sitenote_note":"","_monsterinsights_sitenote_category":0,"footnotes":""},"class_list":["post-85","page","type-page","status-publish","hentry"],"yoast_head":"<!-- This site is optimized with the Yoast SEO plugin v27.0 - https:\/\/yoast.com\/product\/yoast-seo-wordpress\/ -->\n<title>Nouvelles - Plan\u00e8te Mobile<\/title>\n<meta name=\"robots\" content=\"index, follow, max-snippet:-1, max-image-preview:large, max-video-preview:-1\" \/>\n<link rel=\"canonical\" href=\"https:\/\/planetem.xyz\/en\/nouvelles\/\" \/>\n<meta property=\"og:locale\" content=\"en_US\" \/>\n<meta property=\"og:type\" content=\"article\" \/>\n<meta property=\"og:title\" content=\"Nouvelles - Plan\u00e8te Mobile\" \/>\n<meta property=\"og:description\" content=\"NouvellesRevendeur Rogers et toujours en qu\u00eate de croissance et d\u2019am\u00e9lioration, notre \u00e9quipe soud\u00e9e et engag\u00e9e partage ici les derni\u00e8res actualit\u00e9s, innovations et \u00e9v\u00e9nements. Restez inform\u00e9s et d\u00e9couvrez tout ce qui bouge chez Plan\u00e8te Mobile!Un nouveau look pour Plan\u00e8te Mobile en 2025Plan\u00e8te Mobile fait l&#039;acquisition de M\u00e9ga-Sat\u200b de Qu\u00e9becASC Americas annonce un partenariat avec Plan\u00e8te Mobile [&hellip;]\" \/>\n<meta property=\"og:url\" content=\"https:\/\/planetem.xyz\/en\/nouvelles\/\" \/>\n<meta property=\"og:site_name\" content=\"Plan\u00e8te Mobile\" \/>\n<meta property=\"article:publisher\" content=\"https:\/\/www.facebook.com\/planetemobilevalleyfield\/\" \/>\n<meta property=\"article:modified_time\" content=\"2025-12-01T15:31:42+00:00\" \/>\n<meta name=\"twitter:card\" content=\"summary_large_image\" \/>\n<meta name=\"twitter:label1\" content=\"Est. reading time\" \/>\n\t<meta name=\"twitter:data1\" content=\"5 minutes\" \/>\n<script type=\"application\/ld+json\" class=\"yoast-schema-graph\">{\"@context\":\"https:\/\/schema.org\",\"@graph\":[{\"@type\":\"WebPage\",\"@id\":\"https:\/\/planetem.xyz\/en\/nouvelles\/\",\"url\":\"https:\/\/planetem.xyz\/en\/nouvelles\/\",\"name\":\"Nouvelles - Plan\u00e8te Mobile\",\"isPartOf\":{\"@id\":\"https:\/\/planetem.xyz\/en\/#website\"},\"datePublished\":\"2025-09-26T15:41:20+00:00\",\"dateModified\":\"2025-12-01T15:31:42+00:00\",\"breadcrumb\":{\"@id\":\"https:\/\/planetem.xyz\/en\/nouvelles\/#breadcrumb\"},\"inLanguage\":\"en-CA\",\"potentialAction\":[{\"@type\":\"ReadAction\",\"target\":[\"https:\/\/planetem.xyz\/en\/nouvelles\/\"]}]},{\"@type\":\"BreadcrumbList\",\"@id\":\"https:\/\/planetem.xyz\/en\/nouvelles\/#breadcrumb\",\"itemListElement\":[{\"@type\":\"ListItem\",\"position\":1,\"name\":\"Home\",\"item\":\"https:\/\/planetem.xyz\/en\/\"},{\"@type\":\"ListItem\",\"position\":2,\"name\":\"Nouvelles\"}]},{\"@type\":\"WebSite\",\"@id\":\"https:\/\/planetem.xyz\/en\/#website\",\"url\":\"https:\/\/planetem.xyz\/en\/\",\"name\":\"Plan\u00e8te Mobile\",\"description\":\"\",\"publisher\":{\"@id\":\"https:\/\/planetem.xyz\/en\/#organization\"},\"potentialAction\":[{\"@type\":\"SearchAction\",\"target\":{\"@type\":\"EntryPoint\",\"urlTemplate\":\"https:\/\/planetem.xyz\/en\/?s={search_term_string}\"},\"query-input\":{\"@type\":\"PropertyValueSpecification\",\"valueRequired\":true,\"valueName\":\"search_term_string\"}}],\"inLanguage\":\"en-CA\"},{\"@type\":\"Organization\",\"@id\":\"https:\/\/planetem.xyz\/en\/#organization\",\"name\":\"Plan\u00e8te Mobile\",\"url\":\"https:\/\/planetem.xyz\/en\/\",\"logo\":{\"@type\":\"ImageObject\",\"inLanguage\":\"en-CA\",\"@id\":\"https:\/\/planetem.xyz\/en\/#\/schema\/logo\/image\/\",\"url\":\"https:\/\/planetem.xyz\/wp-content\/uploads\/2025\/10\/03365e817054f8dfebbdb30d3518373bdd149346.png\",\"contentUrl\":\"https:\/\/planetem.xyz\/wp-content\/uploads\/2025\/10\/03365e817054f8dfebbdb30d3518373bdd149346.png\",\"width\":1800,\"height\":900,\"caption\":\"Plan\u00e8te Mobile\"},\"image\":{\"@id\":\"https:\/\/planetem.xyz\/en\/#\/schema\/logo\/image\/\"},\"sameAs\":[\"https:\/\/www.facebook.com\/planetemobilevalleyfield\/\",\"https:\/\/www.linkedin.com\/company\/1627281\/admin\/\"]}]}<\/script>\n<!-- \/ Yoast SEO plugin. -->","yoast_head_json":{"title":"Nouvelles - Plan\u00e8te Mobile","robots":{"index":"index","follow":"follow","max-snippet":"max-snippet:-1","max-image-preview":"max-image-preview:large","max-video-preview":"max-video-preview:-1"},"canonical":"https:\/\/planetem.xyz\/en\/nouvelles\/","og_locale":"en_US","og_type":"article","og_title":"Nouvelles - Plan\u00e8te Mobile","og_description":"NouvellesRevendeur Rogers et toujours en qu\u00eate de croissance et d\u2019am\u00e9lioration, notre \u00e9quipe soud\u00e9e et engag\u00e9e partage ici les derni\u00e8res actualit\u00e9s, innovations et \u00e9v\u00e9nements. Restez inform\u00e9s et d\u00e9couvrez tout ce qui bouge chez Plan\u00e8te Mobile!Un nouveau look pour Plan\u00e8te Mobile en 2025Plan\u00e8te Mobile fait l'acquisition de M\u00e9ga-Sat\u200b de Qu\u00e9becASC Americas annonce un partenariat avec Plan\u00e8te Mobile [&hellip;]","og_url":"https:\/\/planetem.xyz\/en\/nouvelles\/","og_site_name":"Plan\u00e8te Mobile","article_publisher":"https:\/\/www.facebook.com\/planetemobilevalleyfield\/","article_modified_time":"2025-12-01T15:31:42+00:00","twitter_card":"summary_large_image","twitter_misc":{"Est. reading time":"5 minutes"},"schema":{"@context":"https:\/\/schema.org","@graph":[{"@type":"WebPage","@id":"https:\/\/planetem.xyz\/en\/nouvelles\/","url":"https:\/\/planetem.xyz\/en\/nouvelles\/","name":"Nouvelles - Plan\u00e8te Mobile","isPartOf":{"@id":"https:\/\/planetem.xyz\/en\/#website"},"datePublished":"2025-09-26T15:41:20+00:00","dateModified":"2025-12-01T15:31:42+00:00","breadcrumb":{"@id":"https:\/\/planetem.xyz\/en\/nouvelles\/#breadcrumb"},"inLanguage":"en-CA","potentialAction":[{"@type":"ReadAction","target":["https:\/\/planetem.xyz\/en\/nouvelles\/"]}]},{"@type":"BreadcrumbList","@id":"https:\/\/planetem.xyz\/en\/nouvelles\/#breadcrumb","itemListElement":[{"@type":"ListItem","position":1,"name":"Home","item":"https:\/\/planetem.xyz\/en\/"},{"@type":"ListItem","position":2,"name":"Nouvelles"}]},{"@type":"WebSite","@id":"https:\/\/planetem.xyz\/en\/#website","url":"https:\/\/planetem.xyz\/en\/","name":"Plan\u00e8te Mobile","description":"","publisher":{"@id":"https:\/\/planetem.xyz\/en\/#organization"},"potentialAction":[{"@type":"SearchAction","target":{"@type":"EntryPoint","urlTemplate":"https:\/\/planetem.xyz\/en\/?s={search_term_string}"},"query-input":{"@type":"PropertyValueSpecification","valueRequired":true,"valueName":"search_term_string"}}],"inLanguage":"en-CA"},{"@type":"Organization","@id":"https:\/\/planetem.xyz\/en\/#organization","name":"Plan\u00e8te Mobile","url":"https:\/\/planetem.xyz\/en\/","logo":{"@type":"ImageObject","inLanguage":"en-CA","@id":"https:\/\/planetem.xyz\/en\/#\/schema\/logo\/image\/","url":"https:\/\/planetem.xyz\/wp-content\/uploads\/2025\/10\/03365e817054f8dfebbdb30d3518373bdd149346.png","contentUrl":"https:\/\/planetem.xyz\/wp-content\/uploads\/2025\/10\/03365e817054f8dfebbdb30d3518373bdd149346.png","width":1800,"height":900,"caption":"Plan\u00e8te Mobile"},"image":{"@id":"https:\/\/planetem.xyz\/en\/#\/schema\/logo\/image\/"},"sameAs":["https:\/\/www.facebook.com\/planetemobilevalleyfield\/","https:\/\/www.linkedin.com\/company\/1627281\/admin\/"]}]}},"_links":{"self":[{"href":"https:\/\/planetem.xyz\/en\/wp-json\/wp\/v2\/pages\/85","targetHints":{"allow":["GET"]}}],"collection":[{"href":"https:\/\/planetem.xyz\/en\/wp-json\/wp\/v2\/pages"}],"about":[{"href":"https:\/\/planetem.xyz\/en\/wp-json\/wp\/v2\/types\/page"}],"author":[{"embeddable":true,"href":"https:\/\/planetem.xyz\/en\/wp-json\/wp\/v2\/users\/1"}],"replies":[{"embeddable":true,"href":"https:\/\/planetem.xyz\/en\/wp-json\/wp\/v2\/comments?post=85"}],"version-history":[{"count":0,"href":"https:\/\/planetem.xyz\/en\/wp-json\/wp\/v2\/pages\/85\/revisions"}],"wp:attachment":[{"href":"https:\/\/planetem.xyz\/en\/wp-json\/wp\/v2\/media?parent=85"}],"curies":[{"name":"wp","href":"https:\/\/api.w.org\/{rel}","templated":true}]}}